{"id":2441,"date":"2023-04-13T08:37:58","date_gmt":"2023-04-13T08:37:58","guid":{"rendered":"https:\/\/gorritimartinez.com\/?page_id=2441"},"modified":"2024-03-05T15:09:46","modified_gmt":"2024-03-05T15:09:46","slug":"aviso-legal","status":"publish","type":"page","link":"https:\/\/gorritimartinez.com\/es\/aviso-legal\/","title":{"rendered":"Aviso Legal"},"content":{"rendered":"\t\t<div data-elementor-type=\"wp-page\" data-elementor-id=\"2441\" class=\"elementor elementor-2441\">\n\t\t\t\t\t\t\t\t\t<section class=\"elementor-section elementor-top-section elementor-element elementor-element-5e29de1c elementor-section-boxed elementor-section-height-default elementor-section-height-default\" data-id=\"5e29de1c\" data-element_type=\"section\" data-settings=\"{&quot;background_background&quot;:&quot;classic&quot;}\">\n\t\t\t\t\t\t<div class=\"elementor-container elementor-column-gap-default\">\n\t\t\t\t\t<div class=\"elementor-column elementor-col-33 elementor-top-column elementor-element elementor-element-383fa0c9\" data-id=\"383fa0c9\" data-element_type=\"column\">\n\t\t\t<div class=\"elementor-widget-wrap elementor-element-populated\">\n\t\t\t\t\t\t\t\t<div class=\"elementor-element elementor-element-76faba92 elementor-widget elementor-widget-text-editor\" data-id=\"76faba92\" data-element_type=\"widget\" data-widget_type=\"text-editor.default\">\n\t\t\t\t<div class=\"elementor-widget-container\">\n\t\t\t<style>\/*! elementor - v3.8.1 - 13-11-2022 *\/\n.elementor-widget-text-editor.elementor-drop-cap-view-stacked .elementor-drop-cap{background-color:#818a91;color:#fff}.elementor-widget-text-editor.elementor-drop-cap-view-framed .elementor-drop-cap{color:#818a91;border:3px solid;background-color:transparent}.elementor-widget-text-editor:not(.elementor-drop-cap-view-default) .elementor-drop-cap{margin-top:8px}.elementor-widget-text-editor:not(.elementor-drop-cap-view-default) .elementor-drop-cap-letter{width:1em;height:1em}.elementor-widget-text-editor .elementor-drop-cap{float:left;text-align:center;line-height:1;font-size:50px}.elementor-widget-text-editor .elementor-drop-cap-letter{display:inline-block}<\/style>\t\t\t\t<p>GORRITI<br \/>MARTINEZ<\/p>\t\t\t\t\t\t<\/div>\n\t\t\t\t<\/div>\n\t\t\t\t\t<\/div>\n\t\t<\/div>\n\t\t\t\t<div class=\"elementor-column elementor-col-33 elementor-top-column elementor-element elementor-element-1c5d068f\" data-id=\"1c5d068f\" data-element_type=\"column\">\n\t\t\t<div class=\"elementor-widget-wrap elementor-element-populated\">\n\t\t\t\t\t\t\t\t<div class=\"elementor-element elementor-element-6d8bd898 elementor-widget elementor-widget-heading\" data-id=\"6d8bd898\" data-element_type=\"widget\" data-widget_type=\"heading.default\">\n\t\t\t\t<div class=\"elementor-widget-container\">\n\t\t\t<style>\/*! elementor - v3.8.1 - 13-11-2022 *\/\n.elementor-heading-title{padding:0;margin:0;line-height:1}.elementor-widget-heading .elementor-heading-title[class*=elementor-size-]>a{color:inherit;font-size:inherit;line-height:inherit}.elementor-widget-heading .elementor-heading-title.elementor-size-small{font-size:15px}.elementor-widget-heading .elementor-heading-title.elementor-size-medium{font-size:19px}.elementor-widget-heading .elementor-heading-title.elementor-size-large{font-size:29px}.elementor-widget-heading .elementor-heading-title.elementor-size-xl{font-size:39px}.elementor-widget-heading .elementor-heading-title.elementor-size-xxl{font-size:59px}<\/style><h1 class=\"elementor-heading-title elementor-size-default\">Aviso Legal<\/h1>\t\t<\/div>\n\t\t\t\t<\/div>\n\t\t\t\t\t<\/div>\n\t\t<\/div>\n\t\t\t\t<div class=\"elementor-column elementor-col-33 elementor-top-column elementor-element elementor-element-5ad3f472\" data-id=\"5ad3f472\" data-element_type=\"column\">\n\t\t\t<div class=\"elementor-widget-wrap\">\n\t\t\t\t\t\t\t\t\t<\/div>\n\t\t<\/div>\n\t\t\t\t\t\t\t<\/div>\n\t\t<\/section>\n\t\t\t\t<section class=\"elementor-section elementor-top-section elementor-element elementor-element-350d6313 elementor-section-boxed elementor-section-height-default elementor-section-height-default\" data-id=\"350d6313\" data-element_type=\"section\">\n\t\t\t\t\t\t<div class=\"elementor-container elementor-column-gap-default\">\n\t\t\t\t\t<div class=\"elementor-column elementor-col-100 elementor-top-column elementor-element elementor-element-31c529a6\" data-id=\"31c529a6\" data-element_type=\"column\">\n\t\t\t<div class=\"elementor-widget-wrap elementor-element-populated\">\n\t\t\t\t\t\t\t\t<div class=\"elementor-element elementor-element-48877000 elementor-widget elementor-widget-html\" data-id=\"48877000\" data-element_type=\"widget\" data-widget_type=\"html.default\">\n\t\t\t\t<div class=\"elementor-widget-container\">\n\t\t\t<h2>Informaci\u00f3n legal<\/h2>\r\n<p>En cumplimiento de la normativa vigente, le informamos que el dominio de internet www.gorritimartinez.com es titularidad de la empresa GORRITI MARTINEZ SL(NIF: B20190575), con domicilio en San Martin 64, bajo Donostia (20007), Gipuzkoa, Espa\u00f1a, tel\u00e9fono 943612446, correo electr\u00f3nico info@gorritimartinez.com.<\/p>\r\n\r\n<p>GORRITI MARTINEZ SL(en adelante \u201cGorriti Martinez\u201d o el \u201cResponsable del Tratamiento\u201d) tiene por objeto principal la manipulaci\u00f3n de pl\u00e1stico y actividades relacionadas. El sitio web ubicado en www.gorritimartinez.com (en adelante \u201cel sitio web\u201d) es propiedad de Gorriti Martinez . La persona que visita y utiliza este sitio web es usuaria del sitio web (en adelante \u201cla persona usuaria\u201d).<\/p>\r\n\r\n<p>Gorriti Martinez act\u00faa como Responsable del Tratamiento en relaci\u00f3n con los tratamientos de datos personales (personas usuarias del sitio web, solicitantes de informaci\u00f3n, etc.) que se realizan a trav\u00e9s de este sitio web. No obstante, en aquellos casos en los que Gorriti Martinez publique noticias y enlaces a sitios web o redes sociales externas, su funci\u00f3n es meramente informativa y los posibles tratamientos de datos personales que se puedan producir en relaci\u00f3n con los contenidos de noticias y enlaces y su utilizaci\u00f3n por parte de las personas usuarias no son titularidad de Gorriti Martinez.<\/p>\r\n\r\n<h2>1. Finalidades<\/h2>\r\n<p>Las finalidades principales del sitio web son dar a conocer los productos y servicios del Responsable del Tratamiento, proporcionar una herramienta de contacto, consulta y comunicaci\u00f3n con las personas interesadas, e informar, organizar y difundir las actividades e iniciativas en las que Gorriti Martinez participa.<\/p>\r\n\r\n<h2>2. Condiciones Generales<\/h2>\r\n<p>La persona usuaria accede a este sitio web de forma voluntaria. El acceso a este sitio web tiene car\u00e1cter gratuito. La navegaci\u00f3n en este sitio web implica conocer y aceptar las advertencias legales, condiciones y t\u00e9rminos de uso, pol\u00edtica de privacidad y pol\u00edtica de cookies contenidos en \u00e9l. Si la persona usuaria no est\u00e1 de acuerdo con estas condiciones y no presta su consentimiento, no podr\u00e1 hacer uso de este sitio web.<\/p>\r\n\r\n<p>El acceso al sitio web, as\u00ed como el uso que pueda hacerse de la informaci\u00f3n y utilidades que contiene, son de la exclusiva responsabilidad de la persona usuaria, que se compromete a utilizarlo con respeto a la buena fe, al ordenamiento jur\u00eddico, de manera \u00e9tica y de acuerdo con sus finalidades. La persona usuaria no puede hacer un uso il\u00edcito de la informaci\u00f3n y utilidades contenidas en el sitio web, ni llevar a cabo acciones que puedan da\u00f1ar o alterar su contenido, funcionamiento, los sistemas inform\u00e1ticos de Gorriti Martinez o de otras personas usuarias.<\/p>\r\n\r\n<p>Queda prohibida la inclusi\u00f3n y comunicaci\u00f3n de contenidos, por parte de las personas usuarias, que sean falsos o inexactos y que induzcan o puedan inducir a error a Gorriti Martinez , las personas usuarias del sitio web o terceros. Queda prohibido el uso de datos personales de terceros sin su consentimiento previo y expreso, as\u00ed como el uso de datos identificativos de terceros con el \u00e1nimo de suplantar su identidad. La persona usuaria ser\u00e1 la \u00fanica responsable de los perjuicios que cause.<\/p>\r\n\r\n<h2>3. Exclusi\u00f3n de garant\u00edas y responsabilidad<\/h2>\r\n<p>El Responsable del Tratamiento realiza los m\u00e1ximos esfuerzos a su alcance para evitar errores en los contenidos y utilidades que se publican en el sitio web, reserv\u00e1ndose la facultad de poder modificarlos en cualquier momento. El Responsable del Tratamiento declina expresamente cualquier responsabilidad por error u omisi\u00f3n en los contenidos de este sitio web y de los da\u00f1os y perjuicios que puedan deberse a su falta de veracidad, exactitud o actualidad.<\/p>\r\n\r\n<p>El sitio web puede ofrecer enlaces a otros sitios web o facilitar su acceso mediante buscadores o herramientas similares. Responsable del Tratamiento no asume ninguna responsabilidad en relaci\u00f3n con estos sitios enlazados, ni los resultados de las b\u00fasquedas, ya que no tiene ning\u00fan tipo de control sobre ellos, su contenido, productos y servicios ofrecidos, etc. La finalidad de estos servicios es informar de otras fuentes de informaci\u00f3n, por lo que la persona usuaria accede bajo su exclusiva responsabilidad al contenido y en las condiciones de uso que rijan en ellas. En el caso de enlaces a redes sociales, titularidad del Responsable del\r\nTratamiento o de terceros, las mismas se regir\u00e1n por sus propias condiciones de uso.<\/p>\r\n\r\n<p>El Responsable del Tratamiento no se responsabilizar\u00e1 de ninguna consecuencia, da\u00f1o o perjuicio que pudieran derivarse del uso de este sitio web o de sus contenidos y utilidades, incluidos da\u00f1os inform\u00e1ticos y la introducci\u00f3n de virus o cualquier tipo de software malicioso. El Responsable del Tratamiento no garantiza la ausencia de virus ni de otros elementos da\u00f1inos en el sitio web, introducidos por terceras personas, que puedan producir alteraciones en los sistemas f\u00edsicos o l\u00f3gicos de las personas usuarias, pero utiliza los medios a su alcance para que esto no suceda.<\/p>\r\n\r\n<p><\/p>El Responsable del Tratamiento se reserva el derecho de modificar o borrar en cualquier momento, sin previo aviso o justificaci\u00f3n, el dise\u00f1o, la configuraci\u00f3n y la informaci\u00f3n contenida en este sitio web, si as\u00ed lo estima oportuno. El Responsable del Tratamiento no se hace responsable de los perjuicios que estas modificaciones puedan causar. No obstante, utilizar\u00e1 los recursos que tenga a su alcance para informar a las personas usuarias de dichas modificaciones.<\/p>\r\n\r\n<h2>4. Propiedad intelectual e industrial<\/h2>\r\n<p>Los derechos de propiedad intelectual e industrial de este sitio web y de los elementos contenidos, incluyendo con car\u00e1cter meramente enunciativo sus p\u00e1ginas, secciones, estructura, apariencia, dise\u00f1o, pantallas, la informaci\u00f3n y utilidades que contiene, c\u00f3digo fuente, textos, fotograf\u00edas, im\u00e1genes, sonido, audios, v\u00eddeos, animaciones, combinaciones de colores, productos y servicios, marcas, logotipos, lemas, etc.) son propiedad del Responsable del Tratamiento, salvo que se especifique otra cosa.<\/p>\r\n\r\n<p>En ning\u00fan caso el acceso o navegaci\u00f3n en el sitio web implica renuncia, transmisi\u00f3n o licencia total o parcial de Gorriti Martinez para uso personal o profesional a la persona usuaria sobre sus derechos de propiedad intelectual e industrial. Quedan prohibidas la reproducci\u00f3n, distribuci\u00f3n, comercializaci\u00f3n, comunicaci\u00f3n p\u00fablica, transformaci\u00f3n o cualquier otra actividad que se pueda realizar con los contenidos de este sitio web, salvo autorizaci\u00f3n previa, expresa y por escrito por parte del Responsable del Tratamiento.<\/p>\r\n\r\n<p>La persona usuaria se compromete a no realizar ninguna acci\u00f3n que perjudique la titularidad del sitio web y sus contenidos. La utilizaci\u00f3n no autorizada de la informaci\u00f3n y utilidades contenidas en el sitio web, as\u00ed como los perjuicios ocasionados en los derechos de propiedad intelectual e industrial de Gorriti Martinez o, en su caso, otros titulares, pueden dar lugar al ejercicio de las acciones que legalmente correspondan y, si procede, a las responsabilidades que de dicho ejercicio se deriven, incluyendo las de naturaleza econ\u00f3mica.<\/p>\r\n\r\n<h2>5. Vigencia y modificaciones<\/h2>\r\n<p>Gorriti Martinez se reserva el derecho de modificar estas Condiciones de acuerdo con su criterio, bien con la finalidad de adecuarse a los cambios legislativos, bien con el fin de llevar a cabo otro tipo de actualizaciones o mejoras. Estas modificaciones ser\u00e1n v\u00e1lidas desde su publicaci\u00f3n en el sitio web. La relaci\u00f3n con las personas usuarias se regir\u00e1 por las normas previstas en el momento en que se accede al sitio web. Es por ello que Gorriti Martinez le recomienda revisar estas Condiciones cada vez que se conecte al sitio web.<\/p>\r\n\r\n<h2>6. Jurisdicci\u00f3n<\/h2>\r\n<p>Las relaciones establecidas entre Gorriti Martinez y la persona usuaria se regir\u00e1n por lo dispuesto en la normativa vigente acerca de la legislaci\u00f3n aplicable y la jurisdicci\u00f3n competente. No obstante, para los casos en los que la normativa prevea la posibilidad a las partes de someterse a un fuero, el Responsable del Tratamiento y la persona usuaria, con renuncia expresa a cualquier otro fuero que pudiera corresponderles, se someten a los Juzgados y Tribunales de Donostia-San Sebasti\u00e1n (Gipuzkoa).<\/p>\r\n\r\n<p>Gorriti Martinez perseguir\u00e1 el incumplimiento de las anteriores condiciones, as\u00ed como cualquier utilizaci\u00f3n indebida de los contenidos presentados en su sitio web ejerciendo todas las acciones civiles y penales que le puedan corresponder en Derecho, incluyendo las de naturaleza econ\u00f3mica.<\/p>\t\t<\/div>\n\t\t\t\t<\/div>\n\t\t\t\t\t<\/div>\n\t\t<\/div>\n\t\t\t\t\t\t\t<\/div>\n\t\t<\/section>\n\t\t\t\t\t\t\t<\/div>\n\t\t","protected":false},"excerpt":{"rendered":"<p>GORRITIMARTINEZ Aviso Legal Informaci\u00f3n legal En cumplimiento de la normativa vigente, le informamos que el dominio de internet www.gorritimartinez.com es titularidad de la empresa GORRITI MARTINEZ SL(NIF: B20190575), con domicilio en San Martin 64, bajo Donostia (20007), Gipuzkoa, Espa\u00f1a, tel\u00e9fono 943612446, correo electr\u00f3nico info@gorritimartinez.com. GORRITI MARTINEZ SL(en adelante \u201cGorriti Martinez\u201d o el \u201cResponsable del Tratamiento\u201d) [&hellip;]<\/p>\n","protected":false},"author":1,"featured_media":0,"parent":0,"menu_order":14,"comment_status":"closed","ping_status":"closed","template":"","meta":[],"yoast_head":"<!-- This site is optimized with the Yoast SEO plugin v20.5 - https:\/\/yoast.com\/wordpress\/plugins\/seo\/ -->\n<title>Aviso legal | Gorriti Mart\u00ednez, tus nuevas ventanas en Gipuzkoa<\/title>\n<meta name=\"description\" content=\"Informaci\u00f3n legal y condiciones generales de la web https:\/\/www.gorritimartinez.es\/. Elige tus nuevas ventanas en PVC, aluminio y madera.\" \/>\n<meta name=\"robots\" content=\"index, follow, max-snippet:-1, max-image-preview:large, max-video-preview:-1\" \/>\n<link rel=\"canonical\" href=\"https:\/\/gorritimartinez.com\/es\/aviso-legal\/\" \/>\n<meta property=\"og:locale\" content=\"es_ES\" \/>\n<meta property=\"og:type\" content=\"article\" \/>\n<meta property=\"og:title\" content=\"Aviso legal | Gorriti Mart\u00ednez, tus nuevas ventanas en Gipuzkoa\" \/>\n<meta property=\"og:description\" content=\"Informaci\u00f3n legal y condiciones generales de la web https:\/\/www.gorritimartinez.es\/. Elige tus nuevas ventanas en PVC, aluminio y madera.\" \/>\n<meta property=\"og:url\" content=\"https:\/\/gorritimartinez.com\/es\/aviso-legal\/\" \/>\n<meta property=\"og:site_name\" content=\"Gorriti Martinez\" \/>\n<meta property=\"article:publisher\" content=\"https:\/\/www.facebook.com\/GorritiMartinez\/?locale=es_ES\" \/>\n<meta property=\"article:modified_time\" content=\"2024-03-05T15:09:46+00:00\" \/>\n<meta name=\"twitter:card\" content=\"summary_large_image\" \/>\n<meta name=\"twitter:site\" content=\"@gorritimartinez\" \/>\n<meta name=\"twitter:label1\" content=\"Tiempo de lectura\" \/>\n\t<meta name=\"twitter:data1\" content=\"6 minutos\" \/>\n<script type=\"application\/ld+json\" class=\"yoast-schema-graph\">{\"@context\":\"https:\/\/schema.org\",\"@graph\":[{\"@type\":\"WebPage\",\"@id\":\"https:\/\/gorritimartinez.com\/es\/aviso-legal\/\",\"url\":\"https:\/\/gorritimartinez.com\/es\/aviso-legal\/\",\"name\":\"Aviso legal | Gorriti Mart\u00ednez, tus nuevas ventanas en Gipuzkoa\",\"isPartOf\":{\"@id\":\"https:\/\/gorritimartinez.com\/es\/#website\"},\"datePublished\":\"2023-04-13T08:37:58+00:00\",\"dateModified\":\"2024-03-05T15:09:46+00:00\",\"description\":\"Informaci\u00f3n legal y condiciones generales de la web https:\/\/www.gorritimartinez.es\/. Elige tus nuevas ventanas en PVC, aluminio y madera.\",\"breadcrumb\":{\"@id\":\"https:\/\/gorritimartinez.com\/es\/aviso-legal\/#breadcrumb\"},\"inLanguage\":\"es\",\"potentialAction\":[{\"@type\":\"ReadAction\",\"target\":[\"https:\/\/gorritimartinez.com\/es\/aviso-legal\/\"]}]},{\"@type\":\"BreadcrumbList\",\"@id\":\"https:\/\/gorritimartinez.com\/es\/aviso-legal\/#breadcrumb\",\"itemListElement\":[{\"@type\":\"ListItem\",\"position\":1,\"name\":\"Portada\",\"item\":\"https:\/\/gorritimartinez.com\/es\/\"},{\"@type\":\"ListItem\",\"position\":2,\"name\":\"Aviso Legal\"}]},{\"@type\":\"WebSite\",\"@id\":\"https:\/\/gorritimartinez.com\/es\/#website\",\"url\":\"https:\/\/gorritimartinez.com\/es\/\",\"name\":\"Gorriti Martinez\",\"description\":\"Gorriti Martinex ventanas\",\"publisher\":{\"@id\":\"https:\/\/gorritimartinez.com\/es\/#organization\"},\"potentialAction\":[{\"@type\":\"SearchAction\",\"target\":{\"@type\":\"EntryPoint\",\"urlTemplate\":\"https:\/\/gorritimartinez.com\/es\/?s={search_term_string}\"},\"query-input\":\"required name=search_term_string\"}],\"inLanguage\":\"es\"},{\"@type\":\"Organization\",\"@id\":\"https:\/\/gorritimartinez.com\/es\/#organization\",\"name\":\"Gorriti Martinez\",\"url\":\"https:\/\/gorritimartinez.com\/es\/\",\"logo\":{\"@type\":\"ImageObject\",\"inLanguage\":\"es\",\"@id\":\"https:\/\/gorritimartinez.com\/es\/#\/schema\/logo\/image\/\",\"url\":\"https:\/\/gorritimartinez.com\/wp-content\/uploads\/2022\/06\/logo-gorriti-martinez-2.svg\",\"contentUrl\":\"https:\/\/gorritimartinez.com\/wp-content\/uploads\/2022\/06\/logo-gorriti-martinez-2.svg\",\"width\":340,\"height\":40,\"caption\":\"Gorriti Martinez\"},\"image\":{\"@id\":\"https:\/\/gorritimartinez.com\/es\/#\/schema\/logo\/image\/\"},\"sameAs\":[\"https:\/\/www.facebook.com\/GorritiMartinez\/?locale=es_ES\",\"https:\/\/twitter.com\/gorritimartinez\"]}]}<\/script>\n<!-- \/ Yoast SEO plugin. -->","yoast_head_json":{"title":"Aviso legal | Gorriti Mart\u00ednez, tus nuevas ventanas en Gipuzkoa","description":"Informaci\u00f3n legal y condiciones generales de la web https:\/\/www.gorritimartinez.es\/. Elige tus nuevas ventanas en PVC, aluminio y madera.","robots":{"index":"index","follow":"follow","max-snippet":"max-snippet:-1","max-image-preview":"max-image-preview:large","max-video-preview":"max-video-preview:-1"},"canonical":"https:\/\/gorritimartinez.com\/es\/aviso-legal\/","og_locale":"es_ES","og_type":"article","og_title":"Aviso legal | Gorriti Mart\u00ednez, tus nuevas ventanas en Gipuzkoa","og_description":"Informaci\u00f3n legal y condiciones generales de la web https:\/\/www.gorritimartinez.es\/. Elige tus nuevas ventanas en PVC, aluminio y madera.","og_url":"https:\/\/gorritimartinez.com\/es\/aviso-legal\/","og_site_name":"Gorriti Martinez","article_publisher":"https:\/\/www.facebook.com\/GorritiMartinez\/?locale=es_ES","article_modified_time":"2024-03-05T15:09:46+00:00","twitter_card":"summary_large_image","twitter_site":"@gorritimartinez","twitter_misc":{"Tiempo de lectura":"6 minutos"},"schema":{"@context":"https:\/\/schema.org","@graph":[{"@type":"WebPage","@id":"https:\/\/gorritimartinez.com\/es\/aviso-legal\/","url":"https:\/\/gorritimartinez.com\/es\/aviso-legal\/","name":"Aviso legal | Gorriti Mart\u00ednez, tus nuevas ventanas en Gipuzkoa","isPartOf":{"@id":"https:\/\/gorritimartinez.com\/es\/#website"},"datePublished":"2023-04-13T08:37:58+00:00","dateModified":"2024-03-05T15:09:46+00:00","description":"Informaci\u00f3n legal y condiciones generales de la web https:\/\/www.gorritimartinez.es\/. Elige tus nuevas ventanas en PVC, aluminio y madera.","breadcrumb":{"@id":"https:\/\/gorritimartinez.com\/es\/aviso-legal\/#breadcrumb"},"inLanguage":"es","potentialAction":[{"@type":"ReadAction","target":["https:\/\/gorritimartinez.com\/es\/aviso-legal\/"]}]},{"@type":"BreadcrumbList","@id":"https:\/\/gorritimartinez.com\/es\/aviso-legal\/#breadcrumb","itemListElement":[{"@type":"ListItem","position":1,"name":"Portada","item":"https:\/\/gorritimartinez.com\/es\/"},{"@type":"ListItem","position":2,"name":"Aviso Legal"}]},{"@type":"WebSite","@id":"https:\/\/gorritimartinez.com\/es\/#website","url":"https:\/\/gorritimartinez.com\/es\/","name":"Gorriti Martinez","description":"Gorriti Martinex ventanas","publisher":{"@id":"https:\/\/gorritimartinez.com\/es\/#organization"},"potentialAction":[{"@type":"SearchAction","target":{"@type":"EntryPoint","urlTemplate":"https:\/\/gorritimartinez.com\/es\/?s={search_term_string}"},"query-input":"required name=search_term_string"}],"inLanguage":"es"},{"@type":"Organization","@id":"https:\/\/gorritimartinez.com\/es\/#organization","name":"Gorriti Martinez","url":"https:\/\/gorritimartinez.com\/es\/","logo":{"@type":"ImageObject","inLanguage":"es","@id":"https:\/\/gorritimartinez.com\/es\/#\/schema\/logo\/image\/","url":"https:\/\/gorritimartinez.com\/wp-content\/uploads\/2022\/06\/logo-gorriti-martinez-2.svg","contentUrl":"https:\/\/gorritimartinez.com\/wp-content\/uploads\/2022\/06\/logo-gorriti-martinez-2.svg","width":340,"height":40,"caption":"Gorriti Martinez"},"image":{"@id":"https:\/\/gorritimartinez.com\/es\/#\/schema\/logo\/image\/"},"sameAs":["https:\/\/www.facebook.com\/GorritiMartinez\/?locale=es_ES","https:\/\/twitter.com\/gorritimartinez"]}]}},"_links":{"self":[{"href":"https:\/\/gorritimartinez.com\/es\/wp-json\/wp\/v2\/pages\/2441"}],"collection":[{"href":"https:\/\/gorritimartinez.com\/es\/wp-json\/wp\/v2\/pages"}],"about":[{"href":"https:\/\/gorritimartinez.com\/es\/wp-json\/wp\/v2\/types\/page"}],"author":[{"embeddable":true,"href":"https:\/\/gorritimartinez.com\/es\/wp-json\/wp\/v2\/users\/1"}],"replies":[{"embeddable":true,"href":"https:\/\/gorritimartinez.com\/es\/wp-json\/wp\/v2\/comments?post=2441"}],"version-history":[{"count":7,"href":"https:\/\/gorritimartinez.com\/es\/wp-json\/wp\/v2\/pages\/2441\/revisions"}],"predecessor-version":[{"id":3614,"href":"https:\/\/gorritimartinez.com\/es\/wp-json\/wp\/v2\/pages\/2441\/revisions\/3614"}],"wp:attachment":[{"href":"https:\/\/gorritimartinez.com\/es\/wp-json\/wp\/v2\/media?parent=2441"}],"curies":[{"name":"wp","href":"https:\/\/api.w.org\/{rel}","templated":true}]}}