{"id":2454,"date":"2023-04-13T08:41:00","date_gmt":"2023-04-13T08:41:00","guid":{"rendered":"https:\/\/gorritimartinez.com\/?page_id=2454"},"modified":"2023-04-26T12:52:48","modified_gmt":"2023-04-26T12:52:48","slug":"politica-cookies","status":"publish","type":"page","link":"https:\/\/gorritimartinez.com\/es\/politica-cookies\/","title":{"rendered":"Pol\u00edtica de Cookies"},"content":{"rendered":"\t\t<div data-elementor-type=\"wp-page\" data-elementor-id=\"2454\" class=\"elementor elementor-2454\">\n\t\t\t\t\t\t\t\t\t<section class=\"elementor-section elementor-top-section elementor-element elementor-element-b5adb68 elementor-section-boxed elementor-section-height-default elementor-section-height-default\" data-id=\"b5adb68\" data-element_type=\"section\" data-settings=\"{&quot;background_background&quot;:&quot;classic&quot;}\">\n\t\t\t\t\t\t<div class=\"elementor-container elementor-column-gap-default\">\n\t\t\t\t\t<div class=\"elementor-column elementor-col-33 elementor-top-column elementor-element elementor-element-dc7efdf\" data-id=\"dc7efdf\" data-element_type=\"column\">\n\t\t\t<div class=\"elementor-widget-wrap elementor-element-populated\">\n\t\t\t\t\t\t\t\t<div class=\"elementor-element elementor-element-387f5292 elementor-widget elementor-widget-text-editor\" data-id=\"387f5292\" data-element_type=\"widget\" data-widget_type=\"text-editor.default\">\n\t\t\t\t<div class=\"elementor-widget-container\">\n\t\t\t<style>\/*! elementor - v3.8.1 - 13-11-2022 *\/\n.elementor-widget-text-editor.elementor-drop-cap-view-stacked .elementor-drop-cap{background-color:#818a91;color:#fff}.elementor-widget-text-editor.elementor-drop-cap-view-framed .elementor-drop-cap{color:#818a91;border:3px solid;background-color:transparent}.elementor-widget-text-editor:not(.elementor-drop-cap-view-default) .elementor-drop-cap{margin-top:8px}.elementor-widget-text-editor:not(.elementor-drop-cap-view-default) .elementor-drop-cap-letter{width:1em;height:1em}.elementor-widget-text-editor .elementor-drop-cap{float:left;text-align:center;line-height:1;font-size:50px}.elementor-widget-text-editor .elementor-drop-cap-letter{display:inline-block}<\/style>\t\t\t\t<p>GORRITI<br \/>MARTINEZ<\/p>\t\t\t\t\t\t<\/div>\n\t\t\t\t<\/div>\n\t\t\t\t\t<\/div>\n\t\t<\/div>\n\t\t\t\t<div class=\"elementor-column elementor-col-33 elementor-top-column elementor-element elementor-element-466ce9e1\" data-id=\"466ce9e1\" data-element_type=\"column\">\n\t\t\t<div class=\"elementor-widget-wrap elementor-element-populated\">\n\t\t\t\t\t\t\t\t<div class=\"elementor-element elementor-element-4409ff50 elementor-widget elementor-widget-heading\" data-id=\"4409ff50\" data-element_type=\"widget\" data-widget_type=\"heading.default\">\n\t\t\t\t<div class=\"elementor-widget-container\">\n\t\t\t<style>\/*! elementor - v3.8.1 - 13-11-2022 *\/\n.elementor-heading-title{padding:0;margin:0;line-height:1}.elementor-widget-heading .elementor-heading-title[class*=elementor-size-]>a{color:inherit;font-size:inherit;line-height:inherit}.elementor-widget-heading .elementor-heading-title.elementor-size-small{font-size:15px}.elementor-widget-heading .elementor-heading-title.elementor-size-medium{font-size:19px}.elementor-widget-heading .elementor-heading-title.elementor-size-large{font-size:29px}.elementor-widget-heading .elementor-heading-title.elementor-size-xl{font-size:39px}.elementor-widget-heading .elementor-heading-title.elementor-size-xxl{font-size:59px}<\/style><h1 class=\"elementor-heading-title elementor-size-default\">Pol\u00edtica de Cookies<\/h1>\t\t<\/div>\n\t\t\t\t<\/div>\n\t\t\t\t\t<\/div>\n\t\t<\/div>\n\t\t\t\t<div class=\"elementor-column elementor-col-33 elementor-top-column elementor-element elementor-element-6812da39\" data-id=\"6812da39\" data-element_type=\"column\">\n\t\t\t<div class=\"elementor-widget-wrap\">\n\t\t\t\t\t\t\t\t\t<\/div>\n\t\t<\/div>\n\t\t\t\t\t\t\t<\/div>\n\t\t<\/section>\n\t\t\t\t<section class=\"elementor-section elementor-top-section elementor-element elementor-element-51c154ed elementor-section-boxed elementor-section-height-default elementor-section-height-default\" data-id=\"51c154ed\" data-element_type=\"section\">\n\t\t\t\t\t\t<div class=\"elementor-container elementor-column-gap-default\">\n\t\t\t\t\t<div class=\"elementor-column elementor-col-100 elementor-top-column elementor-element elementor-element-cd61026\" data-id=\"cd61026\" data-element_type=\"column\">\n\t\t\t<div class=\"elementor-widget-wrap elementor-element-populated\">\n\t\t\t\t\t\t\t\t<div class=\"elementor-element elementor-element-55338c7d enlace-gorriti elementor-widget elementor-widget-html\" data-id=\"55338c7d\" data-element_type=\"widget\" data-widget_type=\"html.default\">\n\t\t\t\t<div class=\"elementor-widget-container\">\n\t\t\t<p>Una Cookie es un fichero que se descarga en su ordenador al acceder a determinadas pa\u0301ginas web. Las cookies permiten a una pa\u0301gina web, entre otras cosas, almacenar y recuperar informacio\u0301n sobre los ha\u0301bitos de navegacio\u0301n de un usuario o de su equipo y, dependiendo de la informacio\u0301n que contenga y de la forma en que utilice su equipo, pueden utilizarse para reconocer al usuario.: Las cookies son esenciales para el funcionamiento de internet, aportando innumerables ventajas en la prestacio\u0301n de servicios interactivos, facilita\u0301ndole la navegacio\u0301n y usabilidad de nuestra web.: La informacio\u0301n que le proporcionamos a continuacio\u0301n, le ayudara\u0301 a comprender los diferentes tipos de cookies:<\/p>\r\n<h2>TIPOS DE COOKIES<\/h2>\r\n\r\n<table>\r\n<tbody>\r\n<tr>\r\n<td rowspan=\"2\">SEGU\u0301N LA ENTIDAD QUE LAS GESTIONE<\/td>\r\n<td>Cookies propias<\/td>\r\n<td>Son aquellas que se recaban por el propio editor para prestar el servicio solicitado por el usuario<\/td>\r\n<\/tr>\r\n<tr>\r\n<td>Cookies de tercero<\/td>\r\n<td>Son aquellas que son recabadas y gestionadas por un tercero, estas no se pueden considerar propias.<\/td>\r\n<\/tr>\r\n<tr>\r\n<td rowspan=\"2\">SEGU\u0301N EL PLAZO DE TIEMPO QUE PERMANEZCAN ACTIVADAS<\/td>\r\n<td>Cookies de sesio\u0301n<\/td>\r\n<td>Recaban datos mientras el usuario navega por la red con la finalidad de prestar el servicio solicitado.<\/td>\r\n<\/tr>\r\n<tr>\r\n<td>Cookies persistentes<\/td>\r\n<td>Se almacenan en el terminal y la informacio\u0301n obtenida, sera\u0301 utilizada por el responsable de la cookie con la finalidad de prestar el servicio solicitado.<\/td>\r\n<\/tr>\r\n<tr>\r\n<td rowspan=\"5\">SEGU\u0301N SU FINALIDAD<\/td>\r\n<td>Cookies te\u0301cnicas<\/td>\r\n<td>Son las necesarias para la correcta navegacio\u0301n por la web.<\/td>\r\n<\/tr>\r\n<tr>\r\n<td>Cookies de personalizacio\u0301n<\/td>\r\n<td>Permiten al usuario las caracteri\u0301sticas (idioma) para la navegacio\u0301n por la website<\/td>\r\n<\/tr>\r\n<tr>\r\n<td>Cookies de ana\u0301lisis<\/td>\r\n<td>Permiten al prestador el ana\u0301lisis vinculado a la navegacio\u0301n realizada por el usuario, con la finalidad de llevar un seguimiento de uso de la pa\u0301gina web, asi\u0301 como realizar estadi\u0301sticas de los contenidos ma\u0301s visitados, nu\u0301mero de visitantes, etc.<\/td>\r\n<\/tr>\r\n<tr>\r\n<td>Cookies publicitarias<\/td>\r\n<td>Permiten al editor incluir en la web, espacios publicitarios, segu\u0301n el contenido de la propia web.<\/td>\r\n<\/tr>\r\n<tr>\r\n<td>Cookies de publicidad comportamental<\/td>\r\n<td>Permiten al editor incluir en la pa\u0301gina web espacios publicitarios segu\u0301n la informacio\u0301n obtenida a trave\u0301s de los ha\u0301bitos de navegacio\u0301n del usuario.<\/td>\r\n<\/tr>\r\n<\/tbody>\r\n<\/table>\r\n\r\n\r\n<p>Segu\u0301n lo dispuesto en el arti\u0301culo 22.2 de la Ley 34\/2002, de 11 de julio, de Servicios de la Sociedad de la Informacio\u0301n y de Comercio Electro\u0301nico (LSSI-CE),GORRITI MARTINEZ SL. informa de las cookies utilizadas en nuestra website:<\/p>\r\n\r\n\r\n<table>\r\n<tbody>\r\n<tr>\r\n<td><\/td>\r\n<td>Cookies propias<\/td>\r\n<td>Cookies de tercero<\/td>\r\n<td>Cookies de sesio\u0301n<\/td>\r\n<td>Cookies persistentes<\/td>\r\n<\/tr>\r\n<tr>\r\n<td>Cookies te\u0301cnicas<\/td>\r\n<td>si<\/td>\r\n<td><\/td>\r\n<td>si<\/td>\r\n<td><\/td>\r\n<\/tr>\r\n<tr>\r\n<td>Cookies de personalizacio\u0301n<\/td>\r\n<td>si<\/td>\r\n<td><\/td>\r\n<td>si<\/td>\r\n<td><\/td>\r\n<\/tr>\r\n<tr>\r\n<td>Cookies de ana\u0301lisis<\/td>\r\n<td><\/td>\r\n<td>si<\/td>\r\n<td>si<\/td>\r\n<td><\/td>\r\n<\/tr>\r\n<tr>\r\n<td>Cookies publicitarias<\/td>\r\n<td><\/td>\r\n<td><\/td>\r\n<td><\/td>\r\n<td><\/td>\r\n<\/tr>\r\n<tr>\r\n<td>Cookies de publicidad comportamental<\/td>\r\n<td><\/td>\r\n<td><\/td>\r\n<td><\/td>\r\n<td><\/td>\r\n<\/tr>\r\n<\/tbody>\r\n<\/table>\r\n\r\n    <p>A continuaci\u00f3n podr\u00e1s ver una tabla con las cookies que usa la p\u00e1gina web:    <\/p>\r\n\r\n    [cmplz-cookies]\r\n    <p>Google Analytics: Almacena cookies para poder elaborar estadi\u0301sticas sobre el tra\u0301fico y volumen de visitas de esta web. Al utilizar este sitio web esta\u0301 consintiendo el tratamiento de informacio\u0301n acerca de usted por Google. Por tanto, el ejercicio de cualquier derecho en este sentido debera\u0301 hacerlo comunicando directamente con Google. <\/p>\r\n    Las cookies de Google Analytics, se almacenan en servidores ubicados en Estados Unidos y se compromete a no compartirla con terceros, excepto en los casos en los que sea necesario para el funcionamiento del sistema o cuando la ley obligue a tal efecto. Segu\u0301n Google no guarda su direccio\u0301n IP. <\/p>\r\n    \r\n    <p>Si lo desea puede utilizar el Complemento de inhabilitacio\u0301n para navegadores de Google Analytics a trave\u0301s de cuyas instrucciones pueden rechazarse las cookies anali\u0301ticas de dicho servicio en todos los navegadores. Puede consultar ma\u0301s informacio\u0301n al respecto en el siguiente enlace:<a href=\"https:\/\/tools.google.com\/dlpage\/gaoptout\" target=\"_blank\">https:\/\/tools.google.com\/dlpage\/gaoptout <\/a> <\/p>\r\n    \r\n        <p> Asimismo, GORRITI MARTINEZ SL informa al usuario de que tiene la posibilidad de configurar su navegador de modo que se le informe de la recepcio\u0301n de cookies, pudiendo, si asi\u0301 lo desea, impedir que sean instaladas en su disco duro. <\/p>\r\n    \r\n            <p>A continuacio\u0301n le proporcionamos los enlaces de diversos navegadores, a trave\u0301s de los cuales podra\u0301 realizar dicha configuracio\u0301n: <\/p>\r\n    \r\n            <p>Firefox desde aqui\u0301:<a href=\"http:\/\/support.mozilla.org\/es\/kb\/habilitar-y-deshabilitar-cookies-que-los-sitios-we\" target=\"_blank\">\u00a0http:\/\/support.mozilla.org\/es\/kb\/habilitar-y-deshabilitar-cookies-que-los-sitios-we <\/a><\/p>\r\n                <p>Chrome desde aqui\u0301:<a href=\"http:\/\/support.google.com\/chrome\/bin\/answer.py?hl=es&answer=95647 \" target=\"_blank\">\u00a0http:\/\/support.google.com\/chrome\/bin\/answer.py?hl=es&answer=95647<\/a> <\/p>\r\n                    <p>Explorer desde aqui\u0301:<a href=\"http:\/\/windows.microsoft.com\/es-es\/internet-explorer\/delete-manage-cookies#ie=ie-10\" target=\"_blank\">\u00a0http:\/\/windows.microsoft.com\/es-es\/internet-explorer\/delete-manage-cookies#ie=ie-10<\/a> <\/p>\r\n                        <p>Safari desde aqui\u0301:<a href=\"https:\/\/support.apple.com\/kb\/ph17191?locale=es_ES\" target=\"_blank\">\u00a0https:\/\/support.apple.com\/kb\/ph17191?locale=es_ES<\/a> <\/p>\r\n                            <p>Opera desde aqui\u0301:<a href=\"http:\/\/help.opera.com\/Windows\/11.50\/es-ES\/cookies.html\" target=\"_blank\">\u00a0http:\/\/help.opera.com\/Windows\/11.50\/es-ES\/cookies.html<\/a> <\/p>\t\t<\/div>\n\t\t\t\t<\/div>\n\t\t\t\t\t<\/div>\n\t\t<\/div>\n\t\t\t\t\t\t\t<\/div>\n\t\t<\/section>\n\t\t\t\t\t\t\t<\/div>\n\t\t","protected":false},"excerpt":{"rendered":"<p>GORRITIMARTINEZ Pol\u00edtica de Cookies Una Cookie es un fichero que se descarga en su ordenador al acceder a determinadas pa\u0301ginas web. Las cookies permiten a una pa\u0301gina web, entre otras cosas, almacenar y recuperar informacio\u0301n sobre los ha\u0301bitos de navegacio\u0301n de un usuario o de su equipo y, dependiendo de la informacio\u0301n que contenga y [&hellip;]<\/p>\n","protected":false},"author":1,"featured_media":0,"parent":0,"menu_order":16,"comment_status":"closed","ping_status":"closed","template":"","meta":[],"yoast_head":"<!-- This site is optimized with the Yoast SEO plugin v20.5 - https:\/\/yoast.com\/wordpress\/plugins\/seo\/ -->\n<title>Pol\u00edtica de cookies | Gorriti Mart\u00ednez, ventanas PVC, aluminio y madera<\/title>\n<meta name=\"description\" content=\"Te contamos c\u00f3mo utilizamos las cookies en la nuestra web de Gorriti Mart\u00ednez, tu tienda de ventanas en Gipuzkoa.\" \/>\n<meta name=\"robots\" content=\"index, follow, max-snippet:-1, max-image-preview:large, max-video-preview:-1\" \/>\n<link rel=\"canonical\" href=\"https:\/\/gorritimartinez.com\/es\/politica-cookies\/\" \/>\n<meta property=\"og:locale\" content=\"es_ES\" \/>\n<meta property=\"og:type\" content=\"article\" \/>\n<meta property=\"og:title\" content=\"Pol\u00edtica de cookies | Gorriti Mart\u00ednez, ventanas PVC, aluminio y madera\" \/>\n<meta property=\"og:description\" content=\"Te contamos c\u00f3mo utilizamos las cookies en la nuestra web de Gorriti Mart\u00ednez, tu tienda de ventanas en Gipuzkoa.\" \/>\n<meta property=\"og:url\" content=\"https:\/\/gorritimartinez.com\/es\/politica-cookies\/\" \/>\n<meta property=\"og:site_name\" content=\"Gorriti Martinez\" \/>\n<meta property=\"article:publisher\" content=\"https:\/\/www.facebook.com\/GorritiMartinez\/?locale=es_ES\" \/>\n<meta property=\"article:modified_time\" content=\"2023-04-26T12:52:48+00:00\" \/>\n<meta name=\"twitter:card\" content=\"summary_large_image\" \/>\n<meta name=\"twitter:site\" content=\"@gorritimartinez\" \/>\n<meta name=\"twitter:label1\" content=\"Tiempo de lectura\" \/>\n\t<meta name=\"twitter:data1\" content=\"3 minutos\" \/>\n<script type=\"application\/ld+json\" class=\"yoast-schema-graph\">{\"@context\":\"https:\/\/schema.org\",\"@graph\":[{\"@type\":\"WebPage\",\"@id\":\"https:\/\/gorritimartinez.com\/es\/politica-cookies\/\",\"url\":\"https:\/\/gorritimartinez.com\/es\/politica-cookies\/\",\"name\":\"Pol\u00edtica de cookies | Gorriti Mart\u00ednez, ventanas PVC, aluminio y madera\",\"isPartOf\":{\"@id\":\"https:\/\/gorritimartinez.com\/es\/#website\"},\"datePublished\":\"2023-04-13T08:41:00+00:00\",\"dateModified\":\"2023-04-26T12:52:48+00:00\",\"description\":\"Te contamos c\u00f3mo utilizamos las cookies en la nuestra web de Gorriti Mart\u00ednez, tu tienda de ventanas en Gipuzkoa.\",\"breadcrumb\":{\"@id\":\"https:\/\/gorritimartinez.com\/es\/politica-cookies\/#breadcrumb\"},\"inLanguage\":\"es\",\"potentialAction\":[{\"@type\":\"ReadAction\",\"target\":[\"https:\/\/gorritimartinez.com\/es\/politica-cookies\/\"]}]},{\"@type\":\"BreadcrumbList\",\"@id\":\"https:\/\/gorritimartinez.com\/es\/politica-cookies\/#breadcrumb\",\"itemListElement\":[{\"@type\":\"ListItem\",\"position\":1,\"name\":\"Portada\",\"item\":\"https:\/\/gorritimartinez.com\/es\/\"},{\"@type\":\"ListItem\",\"position\":2,\"name\":\"Pol\u00edtica de Cookies\"}]},{\"@type\":\"WebSite\",\"@id\":\"https:\/\/gorritimartinez.com\/es\/#website\",\"url\":\"https:\/\/gorritimartinez.com\/es\/\",\"name\":\"Gorriti Martinez\",\"description\":\"Gorriti Martinex ventanas\",\"publisher\":{\"@id\":\"https:\/\/gorritimartinez.com\/es\/#organization\"},\"potentialAction\":[{\"@type\":\"SearchAction\",\"target\":{\"@type\":\"EntryPoint\",\"urlTemplate\":\"https:\/\/gorritimartinez.com\/es\/?s={search_term_string}\"},\"query-input\":\"required name=search_term_string\"}],\"inLanguage\":\"es\"},{\"@type\":\"Organization\",\"@id\":\"https:\/\/gorritimartinez.com\/es\/#organization\",\"name\":\"Gorriti Martinez\",\"url\":\"https:\/\/gorritimartinez.com\/es\/\",\"logo\":{\"@type\":\"ImageObject\",\"inLanguage\":\"es\",\"@id\":\"https:\/\/gorritimartinez.com\/es\/#\/schema\/logo\/image\/\",\"url\":\"https:\/\/gorritimartinez.com\/wp-content\/uploads\/2022\/06\/logo-gorriti-martinez-2.svg\",\"contentUrl\":\"https:\/\/gorritimartinez.com\/wp-content\/uploads\/2022\/06\/logo-gorriti-martinez-2.svg\",\"width\":340,\"height\":40,\"caption\":\"Gorriti Martinez\"},\"image\":{\"@id\":\"https:\/\/gorritimartinez.com\/es\/#\/schema\/logo\/image\/\"},\"sameAs\":[\"https:\/\/www.facebook.com\/GorritiMartinez\/?locale=es_ES\",\"https:\/\/twitter.com\/gorritimartinez\"]}]}<\/script>\n<!-- \/ Yoast SEO plugin. -->","yoast_head_json":{"title":"Pol\u00edtica de cookies | Gorriti Mart\u00ednez, ventanas PVC, aluminio y madera","description":"Te contamos c\u00f3mo utilizamos las cookies en la nuestra web de Gorriti Mart\u00ednez, tu tienda de ventanas en Gipuzkoa.","robots":{"index":"index","follow":"follow","max-snippet":"max-snippet:-1","max-image-preview":"max-image-preview:large","max-video-preview":"max-video-preview:-1"},"canonical":"https:\/\/gorritimartinez.com\/es\/politica-cookies\/","og_locale":"es_ES","og_type":"article","og_title":"Pol\u00edtica de cookies | Gorriti Mart\u00ednez, ventanas PVC, aluminio y madera","og_description":"Te contamos c\u00f3mo utilizamos las cookies en la nuestra web de Gorriti Mart\u00ednez, tu tienda de ventanas en Gipuzkoa.","og_url":"https:\/\/gorritimartinez.com\/es\/politica-cookies\/","og_site_name":"Gorriti Martinez","article_publisher":"https:\/\/www.facebook.com\/GorritiMartinez\/?locale=es_ES","article_modified_time":"2023-04-26T12:52:48+00:00","twitter_card":"summary_large_image","twitter_site":"@gorritimartinez","twitter_misc":{"Tiempo de lectura":"3 minutos"},"schema":{"@context":"https:\/\/schema.org","@graph":[{"@type":"WebPage","@id":"https:\/\/gorritimartinez.com\/es\/politica-cookies\/","url":"https:\/\/gorritimartinez.com\/es\/politica-cookies\/","name":"Pol\u00edtica de cookies | Gorriti Mart\u00ednez, ventanas PVC, aluminio y madera","isPartOf":{"@id":"https:\/\/gorritimartinez.com\/es\/#website"},"datePublished":"2023-04-13T08:41:00+00:00","dateModified":"2023-04-26T12:52:48+00:00","description":"Te contamos c\u00f3mo utilizamos las cookies en la nuestra web de Gorriti Mart\u00ednez, tu tienda de ventanas en Gipuzkoa.","breadcrumb":{"@id":"https:\/\/gorritimartinez.com\/es\/politica-cookies\/#breadcrumb"},"inLanguage":"es","potentialAction":[{"@type":"ReadAction","target":["https:\/\/gorritimartinez.com\/es\/politica-cookies\/"]}]},{"@type":"BreadcrumbList","@id":"https:\/\/gorritimartinez.com\/es\/politica-cookies\/#breadcrumb","itemListElement":[{"@type":"ListItem","position":1,"name":"Portada","item":"https:\/\/gorritimartinez.com\/es\/"},{"@type":"ListItem","position":2,"name":"Pol\u00edtica de Cookies"}]},{"@type":"WebSite","@id":"https:\/\/gorritimartinez.com\/es\/#website","url":"https:\/\/gorritimartinez.com\/es\/","name":"Gorriti Martinez","description":"Gorriti Martinex ventanas","publisher":{"@id":"https:\/\/gorritimartinez.com\/es\/#organization"},"potentialAction":[{"@type":"SearchAction","target":{"@type":"EntryPoint","urlTemplate":"https:\/\/gorritimartinez.com\/es\/?s={search_term_string}"},"query-input":"required name=search_term_string"}],"inLanguage":"es"},{"@type":"Organization","@id":"https:\/\/gorritimartinez.com\/es\/#organization","name":"Gorriti Martinez","url":"https:\/\/gorritimartinez.com\/es\/","logo":{"@type":"ImageObject","inLanguage":"es","@id":"https:\/\/gorritimartinez.com\/es\/#\/schema\/logo\/image\/","url":"https:\/\/gorritimartinez.com\/wp-content\/uploads\/2022\/06\/logo-gorriti-martinez-2.svg","contentUrl":"https:\/\/gorritimartinez.com\/wp-content\/uploads\/2022\/06\/logo-gorriti-martinez-2.svg","width":340,"height":40,"caption":"Gorriti Martinez"},"image":{"@id":"https:\/\/gorritimartinez.com\/es\/#\/schema\/logo\/image\/"},"sameAs":["https:\/\/www.facebook.com\/GorritiMartinez\/?locale=es_ES","https:\/\/twitter.com\/gorritimartinez"]}]}},"_links":{"self":[{"href":"https:\/\/gorritimartinez.com\/es\/wp-json\/wp\/v2\/pages\/2454"}],"collection":[{"href":"https:\/\/gorritimartinez.com\/es\/wp-json\/wp\/v2\/pages"}],"about":[{"href":"https:\/\/gorritimartinez.com\/es\/wp-json\/wp\/v2\/types\/page"}],"author":[{"embeddable":true,"href":"https:\/\/gorritimartinez.com\/es\/wp-json\/wp\/v2\/users\/1"}],"replies":[{"embeddable":true,"href":"https:\/\/gorritimartinez.com\/es\/wp-json\/wp\/v2\/comments?post=2454"}],"version-history":[{"count":14,"href":"https:\/\/gorritimartinez.com\/es\/wp-json\/wp\/v2\/pages\/2454\/revisions"}],"predecessor-version":[{"id":2845,"href":"https:\/\/gorritimartinez.com\/es\/wp-json\/wp\/v2\/pages\/2454\/revisions\/2845"}],"wp:attachment":[{"href":"https:\/\/gorritimartinez.com\/es\/wp-json\/wp\/v2\/media?parent=2454"}],"curies":[{"name":"wp","href":"https:\/\/api.w.org\/{rel}","templated":true}]}}