{"id":3,"date":"2022-06-01T09:37:19","date_gmt":"2022-06-01T09:37:19","guid":{"rendered":"https:\/\/gorritimartinez.com\/?page_id=3"},"modified":"2024-03-05T15:10:41","modified_gmt":"2024-03-05T15:10:41","slug":"politica-de-privacidad","status":"publish","type":"page","link":"https:\/\/gorritimartinez.com\/es\/politica-de-privacidad\/","title":{"rendered":"Pol\u00edtica de privacidad"},"content":{"rendered":"\t\t<div data-elementor-type=\"wp-page\" data-elementor-id=\"3\" class=\"elementor elementor-3\">\n\t\t\t\t\t\t\t\t\t<section class=\"elementor-section elementor-top-section elementor-element elementor-element-335cf549 elementor-section-boxed elementor-section-height-default elementor-section-height-default\" data-id=\"335cf549\" data-element_type=\"section\" data-settings=\"{&quot;background_background&quot;:&quot;classic&quot;}\">\n\t\t\t\t\t\t<div class=\"elementor-container elementor-column-gap-default\">\n\t\t\t\t\t<div class=\"elementor-column elementor-col-33 elementor-top-column elementor-element elementor-element-1807d55a\" data-id=\"1807d55a\" data-element_type=\"column\">\n\t\t\t<div class=\"elementor-widget-wrap elementor-element-populated\">\n\t\t\t\t\t\t\t\t<div class=\"elementor-element elementor-element-401d340e elementor-widget elementor-widget-text-editor\" data-id=\"401d340e\" data-element_type=\"widget\" data-widget_type=\"text-editor.default\">\n\t\t\t\t<div class=\"elementor-widget-container\">\n\t\t\t<style>\/*! elementor - v3.8.1 - 13-11-2022 *\/\n.elementor-widget-text-editor.elementor-drop-cap-view-stacked .elementor-drop-cap{background-color:#818a91;color:#fff}.elementor-widget-text-editor.elementor-drop-cap-view-framed .elementor-drop-cap{color:#818a91;border:3px solid;background-color:transparent}.elementor-widget-text-editor:not(.elementor-drop-cap-view-default) .elementor-drop-cap{margin-top:8px}.elementor-widget-text-editor:not(.elementor-drop-cap-view-default) .elementor-drop-cap-letter{width:1em;height:1em}.elementor-widget-text-editor .elementor-drop-cap{float:left;text-align:center;line-height:1;font-size:50px}.elementor-widget-text-editor .elementor-drop-cap-letter{display:inline-block}<\/style>\t\t\t\t<p>GORRITI<br \/>MARTINEZ<\/p>\t\t\t\t\t\t<\/div>\n\t\t\t\t<\/div>\n\t\t\t\t\t<\/div>\n\t\t<\/div>\n\t\t\t\t<div class=\"elementor-column elementor-col-33 elementor-top-column elementor-element elementor-element-601978de\" data-id=\"601978de\" data-element_type=\"column\">\n\t\t\t<div class=\"elementor-widget-wrap elementor-element-populated\">\n\t\t\t\t\t\t\t\t<div class=\"elementor-element elementor-element-5adbeb0 elementor-widget elementor-widget-heading\" data-id=\"5adbeb0\" data-element_type=\"widget\" data-widget_type=\"heading.default\">\n\t\t\t\t<div class=\"elementor-widget-container\">\n\t\t\t<style>\/*! elementor - v3.8.1 - 13-11-2022 *\/\n.elementor-heading-title{padding:0;margin:0;line-height:1}.elementor-widget-heading .elementor-heading-title[class*=elementor-size-]>a{color:inherit;font-size:inherit;line-height:inherit}.elementor-widget-heading .elementor-heading-title.elementor-size-small{font-size:15px}.elementor-widget-heading .elementor-heading-title.elementor-size-medium{font-size:19px}.elementor-widget-heading .elementor-heading-title.elementor-size-large{font-size:29px}.elementor-widget-heading .elementor-heading-title.elementor-size-xl{font-size:39px}.elementor-widget-heading .elementor-heading-title.elementor-size-xxl{font-size:59px}<\/style><h1 class=\"elementor-heading-title elementor-size-default\">Pol\u00edtica de Privacidad<\/h1>\t\t<\/div>\n\t\t\t\t<\/div>\n\t\t\t\t\t<\/div>\n\t\t<\/div>\n\t\t\t\t<div class=\"elementor-column elementor-col-33 elementor-top-column elementor-element elementor-element-1db018a1\" data-id=\"1db018a1\" data-element_type=\"column\">\n\t\t\t<div class=\"elementor-widget-wrap\">\n\t\t\t\t\t\t\t\t\t<\/div>\n\t\t<\/div>\n\t\t\t\t\t\t\t<\/div>\n\t\t<\/section>\n\t\t\t\t<section class=\"elementor-section elementor-top-section elementor-element elementor-element-4ac9b00a elementor-section-boxed elementor-section-height-default elementor-section-height-default\" data-id=\"4ac9b00a\" data-element_type=\"section\">\n\t\t\t\t\t\t<div class=\"elementor-container elementor-column-gap-default\">\n\t\t\t\t\t<div class=\"elementor-column elementor-col-100 elementor-top-column elementor-element elementor-element-64cbb736\" data-id=\"64cbb736\" data-element_type=\"column\">\n\t\t\t<div class=\"elementor-widget-wrap elementor-element-populated\">\n\t\t\t\t\t\t\t\t<div class=\"elementor-element elementor-element-30db93e elementor-widget elementor-widget-html\" data-id=\"30db93e\" data-element_type=\"widget\" data-widget_type=\"html.default\">\n\t\t\t\t<div class=\"elementor-widget-container\">\n\t\t\t<p><strong>RESPONSABLE<\/strong>: GORRITI MARTINEZ SL<\/br>\r\n<strong>CIF<\/strong>: B20190575<\/br>\r\n<strong>DIRECCI\u00d3N<\/strong>: San Martin 64, bajo, Donostia (20007), Gipuzkoa, Espa\u00f1a<\/br>\r\n<strong>TEL\u00c9FONO<\/strong>: +34 943 612 446<\/br>\r\n<strong>Email<\/strong>: info@gorritimartinez.com<\/p>\r\n\r\n\r\n<h2>OBJETO<\/h2>\r\n<p>GORRITI MARTINEZ SL responsable del sitio web, pone a disposici\u00f3n de los usuarios el presente documento con el que pretende dar cumplimiento a las obligaciones dispuestas en la Ley 34\/2002, de Servicios de la Sociedad de la Informaci\u00f3n y del Comercio Electr\u00f3nico (LSSI-CE), as\u00ed como informar a todos los usuarios respecto a cu\u00e1les son las condiciones de uso del mismo.<\/p>\r\n\r\n<p>Toda persona que acceda al sitio Web asume el papel de usuario, comprometi\u00e9ndose a la observancia y cumplimiento riguroso de las disposiciones aqu\u00ed dispuestas, as\u00ed como a cualesquiera otra disposici\u00f3n legal que fuera de aplicaci\u00f3n.<\/p>\r\n\r\n<p>GORRITI MARTINEZ SL se reserva el derecho a modificar cualquier tipo de informaci\u00f3n que pudiera aparecer en su p\u00e1gina web sin que exista obligaci\u00f3n de preavisar o poner en conocimiento de los usuarios dichas obligaciones, entendi\u00e9ndose como suficiente con la publicaci\u00f3n.<\/p>\r\n\r\n<h2>RESPONSABILIDAD<\/h2>\r\n<p>GORRITI MARTINEZ SLse exime de cualquier tipo de responsabilidad derivada de la informaci\u00f3n publicada en su sitio Web siempre que esta informaci\u00f3n haya sido manipulada o introducida por un tercero ajeno al mismo.<\/p>\r\n\r\n<p>Puede utilizar cookies Pol\u00edtica de Cookies, para llevar a cabo determinadas funciones que son consideradas imprescindibles para el correcto funcionamiento y visualizaci\u00f3n del sitio.<\/p>\r\n\r\n<h2>PROPIEDAD INTELECTUAL<\/h2>\r\n<p>GORRITI MARTINEZ SLes propietaria de toda la informaci\u00f3n contenida en este portal.<\/p>\r\n\r\n<p>En virtud de lo dispuesto en la Ley de Propiedad Intelectual, quedan expresamente prohibidas la reproducci\u00f3n, la distribuci\u00f3n y la comunicaci\u00f3n p\u00fablica, incluida su modalidad de puesta a disposici\u00f3n, de la totalidad o parte de los contenidos de esta p\u00e1gina Web, con fines comerciales, en cualquier soporte y por cualquier medio t\u00e9cnico, sin la autorizaci\u00f3n de GORRITI MARTINEZ SL<\/p>\r\n\r\n<p>El Usuario se compromete a respetar los derechos de Propiedad Intelectual e Industrial titularidad GORRITI MARTINEZ SL<\/p>\r\n\r\n<p>Asimismo, el Usuario deber\u00e1 abstenerse de suprimir, alterar, eludir o manipular cualquier dispositivo de protecci\u00f3n o sistema de seguridad que estuviera instalado en el portal de GORRITI MARTINEZ SL<\/p>\r\n\r\n<h2>EXCLUSI\u00d3N DE GARANT\u00cdAS Y DE RESPONSABILIDAD<\/h2>\r\n<p>GORRITI MARTINEZ SL no garantiza la disponibilidad y continuidad del funcionamiento del Portal y de los Servicios. Cuando ello sea razonablemente posible advertir\u00e1 previamente acerca de las interrupciones en el funcionamiento del Portal y de los Servicios.<\/p>\r\n\r\n<p>GORRITI MARTINEZ SL excluye cualquier responsabilidad por los da\u00f1os y perjuicios de toda naturaleza que puedan deberse a la presencia de virus o a la presencia de otros elementos en los contenidos que puedan producir alteraciones en el sistema inform\u00e1tico del Usuario, pese a haber adoptado previamente las medidas t\u00e9cnicas necesarias para evitarlo.<\/p>\r\n\r\n<p>GORRITI MARTINEZ SL se reserva el derecho de efectuar, sin previo aviso, las modificaciones que considere oportunas en su portal, pudiendo modificar, suprimir o a\u00f1adir tanto los contenidos y servicios que se presten a trav\u00e9s de la misma como la forma en la que \u00e9stos aparezcan presentados o localizados en su Portal.<\/p>\r\n\r\n<h2>PROTECCION DE DATOS PERSONALES<\/h2>\r\n<p>GORRITI MARTINEZ SL  se encuentra profundamente comprometido con el cumplimiento de la normativa de protecci\u00f3n de datos de car\u00e1cter personal, y garantiza el cumplimiento \u00edntegro de las obligaciones dispuestas a tenor de la Ley Org\u00e1nica 3\/2018, de 5 de diciembre, de Protecci\u00f3n de Datos Personales y garant\u00eda de los derechos digitales y del Reglamento General de Protecci\u00f3n de datos (UE) 679\/2016, de 27 de abril.<\/p>\r\n\r\n<p>GORRITI MARTINEZ SL le informa que da cumplimiento a la Ley 34\/2002 de 11 de Julio, de servicios de la Sociedad de la Informaci\u00f3n y del Comercio Electr\u00f3nico.<\/p>\r\n\r\n<p>Los datos facilitados por los interesados al contactar por mail o cumplimentar un formulario de contacto, ser\u00e1n objeto de tratamiento por parte de GORRITI MARTINEZ SL Los datos personales, ser\u00e1n utilizados para contestar a la solicitud de la informaci\u00f3n planteada, siendo la base jur\u00eddica el consentimiento del interesado al remitirnos un correo electr\u00f3nico o aceptar nuestra pol\u00edtica de privacidad. La aceptaci\u00f3n de nuestra pol\u00edtica de privacidad implica su consentimiento expreso al tratamiento de sus datos para las finalidades descritas.<\/p>\r\n\r\n<p>En cualquier momento se podr\u00e1n ejercer los derechos de acceso, rectificaci\u00f3n, oposici\u00f3n, portabilidad o limitaci\u00f3n al tratamiento. Para poder tramitar la solicitud de ejercicio de derechos, ser\u00e1 necesario comprobar la identidad del usuario, por lo que dicha comunicaci\u00f3n deber\u00e1 incluir nombre y apellidos, petici\u00f3n en que se concreta la solicitud, direcci\u00f3n a efectos de notificaciones, fecha, firma y fotocopia del DNI u otro documento v\u00e1lido identificativo. Se podr\u00e1 enviar el escrito por correo ordinario a la direcci\u00f3n: Pol\u00edgono industrial Zubieta 9, bajo Donostia (20007) o por correo electr\u00f3nico a info@gorritimartinez.com<\/p>\r\n\r\n<p>Si considera que hay un problema con la forma en que GORRITI MARTINEZ SL,  est\u00e1 tratando sus datos, puede dirigir sus reclamaciones a la autoridad de protecci\u00f3n de datos que corresponda, siendo la Agencia Espa\u00f1ola de Protecci\u00f3n de Datos la indicada en el caso de territorio espa\u00f1ol.<\/p>\r\n\r\n<p>Cualquier modificaci\u00f3n por su parte en los datos de car\u00e1cter personal, deber\u00e1 ser puesta en conocimiento por parte del titular de los mismos al responsable de tratamiento de datos.<\/p>\r\n\r\n<p>GORRITI MARTINEZ SL se reserva el derecho de modificar su pol\u00edtica de privacidad o condiciones de uso por motivos de adaptaci\u00f3n a la legislaci\u00f3n vigente. Se recomienda al usuario de este sitio web la revisi\u00f3n peri\u00f3dica de esta p\u00e1gina, ya que el uso de este sitio web por parte del usuario se entender\u00e1 como aceptaci\u00f3n de la pol\u00edtica de privacidad. Aseguramos la absoluta confidencialidad y privacidad de los datos personales recogidos. Se han adoptado las medidas de seguridad con el fin de evitar la alteraci\u00f3n, p\u00e9rdida, tratamiento o acceso no autorizado. Sin embargo GORRITI MARTINEZ SL no ser\u00e1 responsable de las incidencias que puedan surgir en torno a datos personales cuando estas se deriven, o bien de un ataque o acceso no autorizado a los sistemas de tal forma que resulte imposible detectarlo o impedirlo a\u00fan adopt\u00e1ndose las medidas seg\u00fan el estado de la tecnolog\u00eda actual.<\/p>\r\n\r\n<h2>FINALIDAD<\/h2>\r\n<p>En caso de que nos haya solicitado informaci\u00f3n sobre alguno de nuestros productos o servicios, los datos que nos ha proporcionado, ser\u00e1n utilizados para contestar a la solicitud de la informaci\u00f3n planteada.<\/p>\r\n\r\n<p>En caso de que contrate alguno de nuestros productos o servicios, utilizaremos sus datos personales para poder prestarle con todas las garant\u00edas el servicio solicitado para la gesti\u00f3n y la facturaci\u00f3n de los mismos.<\/p>\r\n\r\n<p>Los datos se conservar\u00e1n durante el plazo exigido por la ley, salvo que usted comunique la negativa al uso de los datos personales, en cuyo caso, se proceder\u00e1 a su bloqueo inmediato.<\/p>\r\n\r\n<p>Conservaremos sus datos de contacto para informarle peri\u00f3dicamente sobre los productos y servicios, que entendamos puedan resultar de su inter\u00e9s. Para ello, nuestras comunicaciones comerciales por medios electr\u00f3nicos son enviadas mediante la aplicaci\u00f3n de MailChimb, por lo que solicitamos su consentimiento expreso a la transferencia internacional de sus datos a EEUU, pa\u00eds donde se encuentran ubicados sus servidores. La aceptaci\u00f3n de nuestra pol\u00edtica de privacidad se entender\u00e1 como acto afirmativo claro en los t\u00e9rminos se\u00f1alados por el Reglamento UE 679\/2016.<\/p>\r\n\r\n<p>Siempre podr\u00e1 ejercer los derechos de acceso, rectificaci\u00f3n, portabilidad, limitaci\u00f3n al tratamiento y supresi\u00f3n de los datos objeto de tratamiento<\/p>\r\n\r\n<h2>LEGITIMACI\u00d3N<\/h2>\r\n<p>La base legal para el tratamiento de sus datos personales es el consentimiento del interesado.<\/p>\r\n\r\n<h2>DESTINATARIOS<\/h2>\r\n<p>Los datos no se ceder\u00e1n a terceros salvo en los casos en que exista una obligaci\u00f3n legal o sea necesario para el cumplimiento de la finalidad del tratamiento.<\/p>\r\n\r\n<h2>DERECHOS<\/h2>\r\n<p>Los derechos que le asisten como persona interesada y de acuerdo con el RGPD son los siguientes:<\/p>\r\n<ul>\r\n<li>Derecho a solicitar el acceso a los datos personales relativos a su persona<\/li>\r\n<li>Derecho a solicitar su rectificaci\u00f3n o supresi\u00f3n<\/li>\r\n<li>Derecho a solicitar la limitaci\u00f3n de su tratamiento<\/li>\r\n<li>Derecho a oponerse al tratamiento<\/li>\r\n<li>Derecho a la portabilidad de los datos<\/li>\r\n<\/ul>\r\n\r\n<p>Para ejercer cualquiera de los derechos mencionados anteriormente dirigi\u00e9ndose mediante correo electr\u00f3nico a la direcci\u00f3n info@gorritimartinez.com. Para poder tramitar la solicitud de ejercicio de derechos, ser\u00e1 necesario comprobar la identidad del usuario, por lo que dicha comunicaci\u00f3n deber\u00e1 incluir nombre y apellidos, petici\u00f3n en que se concreta la solicitud, direcci\u00f3n a efectos de notificaciones, fecha, firma y fotocopia del DNI u otro documento v\u00e1lido identificativo.<\/p>\r\n\r\n<p>Si considera que hay un problema con la forma en GORRITI MARTINEZ SL est\u00e1 tratando sus datos, puede dirigir sus reclamaciones a la autoridad de protecci\u00f3n de datos que corresponda, siendo la Agencia Espa\u00f1ola de Protecci\u00f3n de Datos la indicada en el caso de territorio espa\u00f1ol.<\/p>\r\n\r\n<h2>MEDIDAS DE SEGURIDAD<\/h2>\r\n<p>GORRITI MARTINEZ SL se compromete al cumplimiento de su obligaci\u00f3n de secreto de los datos de car\u00e1cter personal y de su deber de guardarlos, y adoptar\u00e1 las medidas necesarias para evitar su alteraci\u00f3n, p\u00e9rdida, tratamiento o acceso no autorizado, de acuerdo con lo establecido por normativa aplicable.<\/p>\r\n\r\n<h2>ACTUALIZACI\u00d3N DE LA POLITICA DE PRIVACIDAD<\/h2>\r\n<p>GORRITI MARTINEZ SL se reserva el derecho de modificar su pol\u00edtica de privacidad o condiciones de uso por motivos de adaptaci\u00f3n a la legislaci\u00f3n vigente. Se recomienda al usuario de este sitio web la revisi\u00f3n peri\u00f3dica de esta p\u00e1gina, ya que el uso de este sitio web por parte del usuario se entender\u00e1 como aceptaci\u00f3n de la pol\u00edtica de privacidad. Aseguramos la absoluta confidencialidad y privacidad de los datos personales recogidos. Se han adoptado las medidas de seguridad con el fin de evitar la alteraci\u00f3n, p\u00e9rdida, tratamiento o acceso no autorizado. Sin embargo, GORRITI MARTINEZ SL no ser\u00e1 responsable de las incidencias que puedan surgir en torno a datos personales cuando estas se deriven, o bien de un ataque o acceso no autorizado a los sistemas de tal forma que resulte imposible detectarlo o impedirlo aun adopt\u00e1ndose las medidas seg\u00fan el estado de la tecnolog\u00eda actual.<\/p>\t\t<\/div>\n\t\t\t\t<\/div>\n\t\t\t\t\t<\/div>\n\t\t<\/div>\n\t\t\t\t\t\t\t<\/div>\n\t\t<\/section>\n\t\t\t\t\t\t\t<\/div>\n\t\t","protected":false},"excerpt":{"rendered":"<p>GORRITIMARTINEZ Pol\u00edtica de Privacidad RESPONSABLE: GORRITI MARTINEZ SL CIF: B20190575 DIRECCI\u00d3N: San Martin 64, bajo, Donostia (20007), Gipuzkoa, Espa\u00f1a TEL\u00c9FONO: +34 943 612 446 Email: info@gorritimartinez.com OBJETO GORRITI MARTINEZ SL responsable del sitio web, pone a disposici\u00f3n de los usuarios el presente documento con el que pretende dar cumplimiento a las obligaciones dispuestas en la [&hellip;]<\/p>\n","protected":false},"author":1,"featured_media":0,"parent":0,"menu_order":25,"comment_status":"closed","ping_status":"closed","template":"","meta":[],"yoast_head":"<!-- This site is optimized with the Yoast SEO plugin v20.5 - https:\/\/yoast.com\/wordpress\/plugins\/seo\/ -->\n<title>Pol\u00edtica de privacidad | Gorriti Mart\u00ednez, ventanas y miradores<\/title>\n<meta name=\"description\" content=\"Conoce el tratamiento y protecci\u00f3n de los datos personales en la web de Gorriti Mart\u00ednez. Ven y elige tus nuevas ventanas de PVC, aluminio o madera.\" \/>\n<meta name=\"robots\" content=\"index, follow, max-snippet:-1, max-image-preview:large, max-video-preview:-1\" \/>\n<link rel=\"canonical\" href=\"https:\/\/gorritimartinez.com\/es\/politica-de-privacidad\/\" \/>\n<meta property=\"og:locale\" content=\"es_ES\" \/>\n<meta property=\"og:type\" content=\"article\" \/>\n<meta property=\"og:title\" content=\"Pol\u00edtica de privacidad | Gorriti Mart\u00ednez, ventanas y miradores\" \/>\n<meta property=\"og:description\" content=\"Conoce el tratamiento y protecci\u00f3n de los datos personales en la web de Gorriti Mart\u00ednez. Ven y elige tus nuevas ventanas de PVC, aluminio o madera.\" \/>\n<meta property=\"og:url\" content=\"https:\/\/gorritimartinez.com\/es\/politica-de-privacidad\/\" \/>\n<meta property=\"og:site_name\" content=\"Gorriti Martinez\" \/>\n<meta property=\"article:publisher\" content=\"https:\/\/www.facebook.com\/GorritiMartinez\/?locale=es_ES\" \/>\n<meta property=\"article:modified_time\" content=\"2024-03-05T15:10:41+00:00\" \/>\n<meta name=\"twitter:card\" content=\"summary_large_image\" \/>\n<meta name=\"twitter:site\" content=\"@gorritimartinez\" \/>\n<meta name=\"twitter:label1\" content=\"Tiempo de lectura\" \/>\n\t<meta name=\"twitter:data1\" content=\"8 minutos\" \/>\n<script type=\"application\/ld+json\" class=\"yoast-schema-graph\">{\"@context\":\"https:\/\/schema.org\",\"@graph\":[{\"@type\":\"WebPage\",\"@id\":\"https:\/\/gorritimartinez.com\/es\/politica-de-privacidad\/\",\"url\":\"https:\/\/gorritimartinez.com\/es\/politica-de-privacidad\/\",\"name\":\"Pol\u00edtica de privacidad | Gorriti Mart\u00ednez, ventanas y miradores\",\"isPartOf\":{\"@id\":\"https:\/\/gorritimartinez.com\/es\/#website\"},\"datePublished\":\"2022-06-01T09:37:19+00:00\",\"dateModified\":\"2024-03-05T15:10:41+00:00\",\"description\":\"Conoce el tratamiento y protecci\u00f3n de los datos personales en la web de Gorriti Mart\u00ednez. Ven y elige tus nuevas ventanas de PVC, aluminio o madera.\",\"breadcrumb\":{\"@id\":\"https:\/\/gorritimartinez.com\/es\/politica-de-privacidad\/#breadcrumb\"},\"inLanguage\":\"es\",\"potentialAction\":[{\"@type\":\"ReadAction\",\"target\":[\"https:\/\/gorritimartinez.com\/es\/politica-de-privacidad\/\"]}]},{\"@type\":\"BreadcrumbList\",\"@id\":\"https:\/\/gorritimartinez.com\/es\/politica-de-privacidad\/#breadcrumb\",\"itemListElement\":[{\"@type\":\"ListItem\",\"position\":1,\"name\":\"Portada\",\"item\":\"https:\/\/gorritimartinez.com\/es\/\"},{\"@type\":\"ListItem\",\"position\":2,\"name\":\"Pol\u00edtica de privacidad\"}]},{\"@type\":\"WebSite\",\"@id\":\"https:\/\/gorritimartinez.com\/es\/#website\",\"url\":\"https:\/\/gorritimartinez.com\/es\/\",\"name\":\"Gorriti Martinez\",\"description\":\"Gorriti Martinex ventanas\",\"publisher\":{\"@id\":\"https:\/\/gorritimartinez.com\/es\/#organization\"},\"potentialAction\":[{\"@type\":\"SearchAction\",\"target\":{\"@type\":\"EntryPoint\",\"urlTemplate\":\"https:\/\/gorritimartinez.com\/es\/?s={search_term_string}\"},\"query-input\":\"required name=search_term_string\"}],\"inLanguage\":\"es\"},{\"@type\":\"Organization\",\"@id\":\"https:\/\/gorritimartinez.com\/es\/#organization\",\"name\":\"Gorriti Martinez\",\"url\":\"https:\/\/gorritimartinez.com\/es\/\",\"logo\":{\"@type\":\"ImageObject\",\"inLanguage\":\"es\",\"@id\":\"https:\/\/gorritimartinez.com\/es\/#\/schema\/logo\/image\/\",\"url\":\"https:\/\/gorritimartinez.com\/wp-content\/uploads\/2022\/06\/logo-gorriti-martinez-2.svg\",\"contentUrl\":\"https:\/\/gorritimartinez.com\/wp-content\/uploads\/2022\/06\/logo-gorriti-martinez-2.svg\",\"width\":340,\"height\":40,\"caption\":\"Gorriti Martinez\"},\"image\":{\"@id\":\"https:\/\/gorritimartinez.com\/es\/#\/schema\/logo\/image\/\"},\"sameAs\":[\"https:\/\/www.facebook.com\/GorritiMartinez\/?locale=es_ES\",\"https:\/\/twitter.com\/gorritimartinez\"]}]}<\/script>\n<!-- \/ Yoast SEO plugin. -->","yoast_head_json":{"title":"Pol\u00edtica de privacidad | Gorriti Mart\u00ednez, ventanas y miradores","description":"Conoce el tratamiento y protecci\u00f3n de los datos personales en la web de Gorriti Mart\u00ednez. Ven y elige tus nuevas ventanas de PVC, aluminio o madera.","robots":{"index":"index","follow":"follow","max-snippet":"max-snippet:-1","max-image-preview":"max-image-preview:large","max-video-preview":"max-video-preview:-1"},"canonical":"https:\/\/gorritimartinez.com\/es\/politica-de-privacidad\/","og_locale":"es_ES","og_type":"article","og_title":"Pol\u00edtica de privacidad | Gorriti Mart\u00ednez, ventanas y miradores","og_description":"Conoce el tratamiento y protecci\u00f3n de los datos personales en la web de Gorriti Mart\u00ednez. Ven y elige tus nuevas ventanas de PVC, aluminio o madera.","og_url":"https:\/\/gorritimartinez.com\/es\/politica-de-privacidad\/","og_site_name":"Gorriti Martinez","article_publisher":"https:\/\/www.facebook.com\/GorritiMartinez\/?locale=es_ES","article_modified_time":"2024-03-05T15:10:41+00:00","twitter_card":"summary_large_image","twitter_site":"@gorritimartinez","twitter_misc":{"Tiempo de lectura":"8 minutos"},"schema":{"@context":"https:\/\/schema.org","@graph":[{"@type":"WebPage","@id":"https:\/\/gorritimartinez.com\/es\/politica-de-privacidad\/","url":"https:\/\/gorritimartinez.com\/es\/politica-de-privacidad\/","name":"Pol\u00edtica de privacidad | Gorriti Mart\u00ednez, ventanas y miradores","isPartOf":{"@id":"https:\/\/gorritimartinez.com\/es\/#website"},"datePublished":"2022-06-01T09:37:19+00:00","dateModified":"2024-03-05T15:10:41+00:00","description":"Conoce el tratamiento y protecci\u00f3n de los datos personales en la web de Gorriti Mart\u00ednez. Ven y elige tus nuevas ventanas de PVC, aluminio o madera.","breadcrumb":{"@id":"https:\/\/gorritimartinez.com\/es\/politica-de-privacidad\/#breadcrumb"},"inLanguage":"es","potentialAction":[{"@type":"ReadAction","target":["https:\/\/gorritimartinez.com\/es\/politica-de-privacidad\/"]}]},{"@type":"BreadcrumbList","@id":"https:\/\/gorritimartinez.com\/es\/politica-de-privacidad\/#breadcrumb","itemListElement":[{"@type":"ListItem","position":1,"name":"Portada","item":"https:\/\/gorritimartinez.com\/es\/"},{"@type":"ListItem","position":2,"name":"Pol\u00edtica de privacidad"}]},{"@type":"WebSite","@id":"https:\/\/gorritimartinez.com\/es\/#website","url":"https:\/\/gorritimartinez.com\/es\/","name":"Gorriti Martinez","description":"Gorriti Martinex ventanas","publisher":{"@id":"https:\/\/gorritimartinez.com\/es\/#organization"},"potentialAction":[{"@type":"SearchAction","target":{"@type":"EntryPoint","urlTemplate":"https:\/\/gorritimartinez.com\/es\/?s={search_term_string}"},"query-input":"required name=search_term_string"}],"inLanguage":"es"},{"@type":"Organization","@id":"https:\/\/gorritimartinez.com\/es\/#organization","name":"Gorriti Martinez","url":"https:\/\/gorritimartinez.com\/es\/","logo":{"@type":"ImageObject","inLanguage":"es","@id":"https:\/\/gorritimartinez.com\/es\/#\/schema\/logo\/image\/","url":"https:\/\/gorritimartinez.com\/wp-content\/uploads\/2022\/06\/logo-gorriti-martinez-2.svg","contentUrl":"https:\/\/gorritimartinez.com\/wp-content\/uploads\/2022\/06\/logo-gorriti-martinez-2.svg","width":340,"height":40,"caption":"Gorriti Martinez"},"image":{"@id":"https:\/\/gorritimartinez.com\/es\/#\/schema\/logo\/image\/"},"sameAs":["https:\/\/www.facebook.com\/GorritiMartinez\/?locale=es_ES","https:\/\/twitter.com\/gorritimartinez"]}]}},"_links":{"self":[{"href":"https:\/\/gorritimartinez.com\/es\/wp-json\/wp\/v2\/pages\/3"}],"collection":[{"href":"https:\/\/gorritimartinez.com\/es\/wp-json\/wp\/v2\/pages"}],"about":[{"href":"https:\/\/gorritimartinez.com\/es\/wp-json\/wp\/v2\/types\/page"}],"author":[{"embeddable":true,"href":"https:\/\/gorritimartinez.com\/es\/wp-json\/wp\/v2\/users\/1"}],"replies":[{"embeddable":true,"href":"https:\/\/gorritimartinez.com\/es\/wp-json\/wp\/v2\/comments?post=3"}],"version-history":[{"count":17,"href":"https:\/\/gorritimartinez.com\/es\/wp-json\/wp\/v2\/pages\/3\/revisions"}],"predecessor-version":[{"id":3617,"href":"https:\/\/gorritimartinez.com\/es\/wp-json\/wp\/v2\/pages\/3\/revisions\/3617"}],"wp:attachment":[{"href":"https:\/\/gorritimartinez.com\/es\/wp-json\/wp\/v2\/media?parent=3"}],"curies":[{"name":"wp","href":"https:\/\/api.w.org\/{rel}","templated":true}]}}