{"id":61,"date":"2022-06-01T10:53:28","date_gmt":"2022-06-01T10:53:28","guid":{"rendered":"https:\/\/gorritimartinez.com\/?page_id=61"},"modified":"2023-05-02T10:44:12","modified_gmt":"2023-05-02T10:44:12","slug":"miradores","status":"publish","type":"page","link":"https:\/\/gorritimartinez.com\/es\/miradores\/","title":{"rendered":"Miradores"},"content":{"rendered":"\t\t<div data-elementor-type=\"wp-page\" data-elementor-id=\"61\" class=\"elementor elementor-61\">\n\t\t\t\t\t\t\t\t\t<section class=\"elementor-section elementor-top-section elementor-element elementor-element-31a41bb3 elementor-section-boxed elementor-section-height-default elementor-section-height-default\" data-id=\"31a41bb3\" data-element_type=\"section\" data-settings=\"{&quot;background_background&quot;:&quot;classic&quot;}\">\n\t\t\t\t\t\t<div class=\"elementor-container elementor-column-gap-default\">\n\t\t\t\t\t<div class=\"elementor-column elementor-col-33 elementor-top-column elementor-element elementor-element-3734970e\" data-id=\"3734970e\" data-element_type=\"column\">\n\t\t\t<div class=\"elementor-widget-wrap elementor-element-populated\">\n\t\t\t\t\t\t\t\t<div class=\"elementor-element elementor-element-364747b elementor-widget elementor-widget-text-editor\" data-id=\"364747b\" data-element_type=\"widget\" data-widget_type=\"text-editor.default\">\n\t\t\t\t<div class=\"elementor-widget-container\">\n\t\t\t<style>\/*! elementor - v3.8.1 - 13-11-2022 *\/\n.elementor-widget-text-editor.elementor-drop-cap-view-stacked .elementor-drop-cap{background-color:#818a91;color:#fff}.elementor-widget-text-editor.elementor-drop-cap-view-framed .elementor-drop-cap{color:#818a91;border:3px solid;background-color:transparent}.elementor-widget-text-editor:not(.elementor-drop-cap-view-default) .elementor-drop-cap{margin-top:8px}.elementor-widget-text-editor:not(.elementor-drop-cap-view-default) .elementor-drop-cap-letter{width:1em;height:1em}.elementor-widget-text-editor .elementor-drop-cap{float:left;text-align:center;line-height:1;font-size:50px}.elementor-widget-text-editor .elementor-drop-cap-letter{display:inline-block}<\/style>\t\t\t\t<p>MIRADORES<\/p>\t\t\t\t\t\t<\/div>\n\t\t\t\t<\/div>\n\t\t\t\t\t<\/div>\n\t\t<\/div>\n\t\t\t\t<div class=\"elementor-column elementor-col-33 elementor-top-column elementor-element elementor-element-4bc6bcdb\" data-id=\"4bc6bcdb\" data-element_type=\"column\">\n\t\t\t<div class=\"elementor-widget-wrap elementor-element-populated\">\n\t\t\t\t\t\t\t\t<div class=\"elementor-element elementor-element-5c359b1a elementor-widget elementor-widget-heading\" data-id=\"5c359b1a\" data-element_type=\"widget\" data-widget_type=\"heading.default\">\n\t\t\t\t<div class=\"elementor-widget-container\">\n\t\t\t<style>\/*! elementor - v3.8.1 - 13-11-2022 *\/\n.elementor-heading-title{padding:0;margin:0;line-height:1}.elementor-widget-heading .elementor-heading-title[class*=elementor-size-]>a{color:inherit;font-size:inherit;line-height:inherit}.elementor-widget-heading .elementor-heading-title.elementor-size-small{font-size:15px}.elementor-widget-heading .elementor-heading-title.elementor-size-medium{font-size:19px}.elementor-widget-heading .elementor-heading-title.elementor-size-large{font-size:29px}.elementor-widget-heading .elementor-heading-title.elementor-size-xl{font-size:39px}.elementor-widget-heading .elementor-heading-title.elementor-size-xxl{font-size:59px}<\/style><h1 class=\"elementor-heading-title elementor-size-default\">As\u00f3mate a tu <br>nuevo mirador<\/h1>\t\t<\/div>\n\t\t\t\t<\/div>\n\t\t\t\t<div class=\"elementor-element elementor-element-289df55c elementor-widget elementor-widget-text-editor\" data-id=\"289df55c\" data-element_type=\"widget\" data-widget_type=\"text-editor.default\">\n\t\t\t\t<div class=\"elementor-widget-container\">\n\t\t\t\t\t\t\t<p>La <strong>instalaci\u00f3n de un mirador<\/strong> es una labor que requiere de gran profesionalidad, conocimientos de dise\u00f1o y control de los materiales. En Gorriti Mart\u00ednez te asesoramos en la elecci\u00f3n de tu mirador para que elijas la opci\u00f3n que se ajuste mejor a la caracter\u00edsticas de tu vivienda y de tu edificio, a tu presupuesto y a tus gustos.<\/p>\t\t\t\t\t\t<\/div>\n\t\t\t\t<\/div>\n\t\t\t\t\t<\/div>\n\t\t<\/div>\n\t\t\t\t<div class=\"elementor-column elementor-col-33 elementor-top-column elementor-element elementor-element-595d173b\" data-id=\"595d173b\" data-element_type=\"column\">\n\t\t\t<div class=\"elementor-widget-wrap\">\n\t\t\t\t\t\t\t\t\t<\/div>\n\t\t<\/div>\n\t\t\t\t\t\t\t<\/div>\n\t\t<\/section>\n\t\t\t\t<section class=\"elementor-section elementor-top-section elementor-element elementor-element-da0b8dd elementor-section-boxed elementor-section-height-default elementor-section-height-default\" data-id=\"da0b8dd\" data-element_type=\"section\">\n\t\t\t\t\t\t<div class=\"elementor-container elementor-column-gap-default\">\n\t\t\t\t\t<div class=\"elementor-column elementor-col-50 elementor-top-column elementor-element elementor-element-a2161af\" data-id=\"a2161af\" data-element_type=\"column\">\n\t\t\t<div class=\"elementor-widget-wrap elementor-element-populated\">\n\t\t\t\t\t\t\t\t<div class=\"elementor-element elementor-element-addc7d7 elementor-widget elementor-widget-image\" data-id=\"addc7d7\" data-element_type=\"widget\" data-widget_type=\"image.default\">\n\t\t\t\t<div class=\"elementor-widget-container\">\n\t\t\t<style>\/*! elementor - v3.8.1 - 13-11-2022 *\/\n.elementor-widget-image{text-align:center}.elementor-widget-image a{display:inline-block}.elementor-widget-image a img[src$=\".svg\"]{width:48px}.elementor-widget-image img{vertical-align:middle;display:inline-block}<\/style>\t\t\t\t\t\t\t\t\t\t\t\t<img width=\"1052\" height=\"558\" src=\"https:\/\/gorritimartinez.com\/wp-content\/uploads\/2023\/05\/foto-miradores-gorriti.png\" class=\"attachment-full size-full\" alt=\"\" loading=\"lazy\" srcset=\"https:\/\/gorritimartinez.com\/wp-content\/uploads\/2023\/05\/foto-miradores-gorriti.png 1052w, https:\/\/gorritimartinez.com\/wp-content\/uploads\/2023\/05\/foto-miradores-gorriti-300x159.png 300w, https:\/\/gorritimartinez.com\/wp-content\/uploads\/2023\/05\/foto-miradores-gorriti-1024x543.png 1024w, https:\/\/gorritimartinez.com\/wp-content\/uploads\/2023\/05\/foto-miradores-gorriti-768x407.png 768w\" sizes=\"(max-width: 1052px) 100vw, 1052px\" \/>\t\t\t\t\t\t\t\t\t\t\t\t\t\t\t<\/div>\n\t\t\t\t<\/div>\n\t\t\t\t\t<\/div>\n\t\t<\/div>\n\t\t\t\t<div class=\"elementor-column elementor-col-50 elementor-top-column elementor-element elementor-element-2f38260\" data-id=\"2f38260\" data-element_type=\"column\">\n\t\t\t<div class=\"elementor-widget-wrap elementor-element-populated\">\n\t\t\t\t\t\t\t\t<div class=\"elementor-element elementor-element-3bce231 elementor-widget elementor-widget-text-editor\" data-id=\"3bce231\" data-element_type=\"widget\" data-widget_type=\"text-editor.default\">\n\t\t\t\t<div class=\"elementor-widget-container\">\n\t\t\t\t\t\t\t<p>Trabajamos todo tipo de <strong>est\u00e9ticas, cl\u00e1sicas o m\u00e1s actuales<\/strong>, en reformas, sustituciones o instalaci\u00f3n de <strong>miradores de PVC<\/strong>, el material m\u00e1s recomendable en la actualidad gracias a sus <strong>importantes ventajas, como el aislamiento t\u00e9rmico y la durabilidad<\/strong>. Tambi\u00e9n nos encargamos de obras integrales en edificios completos para que toda la fachada cuente con un dise\u00f1o coherente y arm\u00f3nico, tanto en obra nueva como en renovaciones.<\/p>\t\t\t\t\t\t<\/div>\n\t\t\t\t<\/div>\n\t\t\t\t\t<\/div>\n\t\t<\/div>\n\t\t\t\t\t\t\t<\/div>\n\t\t<\/section>\n\t\t\t\t<section class=\"elementor-section elementor-top-section elementor-element elementor-element-151ecac0 elementor-section-boxed elementor-section-height-default elementor-section-height-default\" data-id=\"151ecac0\" data-element_type=\"section\" data-settings=\"{&quot;background_background&quot;:&quot;classic&quot;}\">\n\t\t\t\t\t\t<div class=\"elementor-container elementor-column-gap-default\">\n\t\t\t\t\t<div class=\"elementor-column elementor-col-100 elementor-top-column elementor-element elementor-element-37ad1dbe\" data-id=\"37ad1dbe\" data-element_type=\"column\" data-settings=\"{&quot;background_background&quot;:&quot;classic&quot;}\">\n\t\t\t<div class=\"elementor-widget-wrap elementor-element-populated\">\n\t\t\t\t\t\t\t\t<section class=\"elementor-section elementor-inner-section elementor-element elementor-element-1f74b999 elementor-section-boxed elementor-section-height-default elementor-section-height-default\" data-id=\"1f74b999\" data-element_type=\"section\">\n\t\t\t\t\t\t<div class=\"elementor-container elementor-column-gap-default\">\n\t\t\t\t\t<div class=\"elementor-column elementor-col-50 elementor-inner-column elementor-element elementor-element-69489f7c\" data-id=\"69489f7c\" data-element_type=\"column\">\n\t\t\t<div class=\"elementor-widget-wrap elementor-element-populated\">\n\t\t\t\t\t\t\t\t<div class=\"elementor-element elementor-element-19d8a1b5 elementor-widget elementor-widget-heading\" data-id=\"19d8a1b5\" data-element_type=\"widget\" data-widget_type=\"heading.default\">\n\t\t\t\t<div class=\"elementor-widget-container\">\n\t\t\t<h2 class=\"elementor-heading-title elementor-size-default\">Conoce nuestros proyectos <br>\ny elige la excelencia de Gorriti Mart\u00ednez<\/h2>\t\t<\/div>\n\t\t\t\t<\/div>\n\t\t\t\t\t<\/div>\n\t\t<\/div>\n\t\t\t\t<div class=\"elementor-column elementor-col-50 elementor-inner-column elementor-element elementor-element-4b71e4bc\" data-id=\"4b71e4bc\" data-element_type=\"column\">\n\t\t\t<div class=\"elementor-widget-wrap elementor-element-populated\">\n\t\t\t\t\t\t\t\t<div class=\"elementor-element elementor-element-67e87366 elementor-align-center elementor-widget elementor-widget-button\" data-id=\"67e87366\" data-element_type=\"widget\" data-widget_type=\"button.default\">\n\t\t\t\t<div class=\"elementor-widget-container\">\n\t\t\t\t\t<div class=\"elementor-button-wrapper\">\n\t\t\t<a href=\"\/proyectos\" class=\"elementor-button-link elementor-button elementor-size-sm\" role=\"button\">\n\t\t\t\t\t\t<span class=\"elementor-button-content-wrapper\">\n\t\t\t\t\t\t<span class=\"elementor-button-text\">NUESTROS <br>PROYECTOS<\/span>\n\t\t<\/span>\n\t\t\t\t\t<\/a>\n\t\t<\/div>\n\t\t\t\t<\/div>\n\t\t\t\t<\/div>\n\t\t\t\t\t<\/div>\n\t\t<\/div>\n\t\t\t\t\t\t\t<\/div>\n\t\t<\/section>\n\t\t\t\t\t<\/div>\n\t\t<\/div>\n\t\t\t\t\t\t\t<\/div>\n\t\t<\/section>\n\t\t\t\t<section class=\"elementor-section elementor-top-section elementor-element elementor-element-19dbcfd5 elementor-section-boxed elementor-section-height-default elementor-section-height-default\" data-id=\"19dbcfd5\" data-element_type=\"section\" data-settings=\"{&quot;background_background&quot;:&quot;classic&quot;}\">\n\t\t\t\t\t\t<div class=\"elementor-container elementor-column-gap-default\">\n\t\t\t\t\t<div class=\"elementor-column elementor-col-33 elementor-top-column elementor-element elementor-element-28149006\" data-id=\"28149006\" data-element_type=\"column\" data-settings=\"{&quot;background_background&quot;:&quot;classic&quot;}\">\n\t\t\t<div class=\"elementor-widget-wrap\">\n\t\t\t\t\t\t\t\t\t<\/div>\n\t\t<\/div>\n\t\t\t\t<div class=\"elementor-column elementor-col-33 elementor-top-column elementor-element elementor-element-788d5ba4\" data-id=\"788d5ba4\" data-element_type=\"column\" data-settings=\"{&quot;background_background&quot;:&quot;classic&quot;}\">\n\t\t\t<div class=\"elementor-widget-wrap elementor-element-populated\">\n\t\t\t\t\t\t\t\t<div class=\"elementor-element elementor-element-5eaf2cb9 elementor-widget elementor-widget-heading\" data-id=\"5eaf2cb9\" data-element_type=\"widget\" data-widget_type=\"heading.default\">\n\t\t\t\t<div class=\"elementor-widget-container\">\n\t\t\t<h2 class=\"elementor-heading-title elementor-size-default\">\u00bfNecesitas ayuda con tu nuevo mirador? Escr\u00edbenos y te informaremos sobre nuestros productos, precios y plazos. <\/h2>\t\t<\/div>\n\t\t\t\t<\/div>\n\t\t\t\t<div class=\"elementor-element elementor-element-29c8537 enlaces-contacto elementor-widget elementor-widget-text-editor\" data-id=\"29c8537\" data-element_type=\"widget\" data-widget_type=\"text-editor.default\">\n\t\t\t\t<div class=\"elementor-widget-container\">\n\t\t\t\t\t\t\tRellena el formulario con tu consulta o ll\u00e1manos al <a href=\"tel:+34943612446\"><strong>943 612 446<\/strong><\/a>\t\t\t\t\t\t<\/div>\n\t\t\t\t<\/div>\n\t\t\t\t<div class=\"elementor-element elementor-element-5af87953 elementor-widget elementor-widget-html\" data-id=\"5af87953\" data-element_type=\"widget\" data-widget_type=\"html.default\">\n\t\t\t\t<div class=\"elementor-widget-container\">\n\t\t\t<div role=\"form\" class=\"wpcf7\" id=\"wpcf7-f1269-o1\" lang=\"es-ES\" dir=\"ltr\">\n<div class=\"screen-reader-response\"><p role=\"status\" aria-live=\"polite\" aria-atomic=\"true\"><\/p> <ul><\/ul><\/div>\n<form action=\"\/es\/wp-json\/wp\/v2\/pages\/61#wpcf7-f1269-o1\" method=\"post\" class=\"wpcf7-form init\" novalidate=\"novalidate\" data-status=\"init\">\n<div style=\"display: none;\">\n<input type=\"hidden\" name=\"_wpcf7\" value=\"1269\" \/>\n<input type=\"hidden\" name=\"_wpcf7_version\" value=\"5.6\" \/>\n<input type=\"hidden\" name=\"_wpcf7_locale\" value=\"es_ES\" \/>\n<input type=\"hidden\" name=\"_wpcf7_unit_tag\" value=\"wpcf7-f1269-o1\" \/>\n<input type=\"hidden\" name=\"_wpcf7_container_post\" value=\"0\" \/>\n<input type=\"hidden\" name=\"_wpcf7_posted_data_hash\" value=\"\" \/>\n<input type=\"hidden\" name=\"_wpcf7_recaptcha_response\" value=\"\" \/>\n<\/div>\n<div class=\"formulario\">\n<p> <span class=\"wpcf7-form-control-wrap\" data-name=\"your-name\"><input type=\"text\" name=\"your-name\" value=\"\" size=\"40\" class=\"wpcf7-form-control wpcf7-text\" aria-invalid=\"false\" placeholder=\"Nombre\" \/><\/span><\/p>\n<div class=\"columnas\">\n<div class=\"col-1-2\">\n      <span class=\"wpcf7-form-control-wrap\" data-name=\"your-email\"><input type=\"email\" name=\"your-email\" value=\"\" size=\"40\" class=\"wpcf7-form-control wpcf7-text wpcf7-email wpcf7-validates-as-email\" aria-invalid=\"false\" placeholder=\"Email\" \/><\/span>\n     <\/div>\n<div class=\"col-1-2 derecha\">\n     <span class=\"wpcf7-form-control-wrap\" data-name=\"your-tel\"><input type=\"tel\" name=\"your-tel\" value=\"\" size=\"40\" class=\"wpcf7-form-control wpcf7-text wpcf7-tel wpcf7-validates-as-tel\" aria-invalid=\"false\" placeholder=\"Tel\u00e9fono\" \/><\/span>\n     <\/div>\n<\/div>\n<p>  <span class=\"wpcf7-form-control-wrap\" data-name=\"your-message\"><textarea name=\"your-message\" cols=\"40\" rows=\"10\" class=\"wpcf7-form-control wpcf7-textarea\" aria-invalid=\"false\" placeholder=\"Consulta\"><\/textarea><\/span> <\/p>\n<div class=\"acepto\">\n <span class=\"wpcf7-form-control-wrap\" data-name=\"acceptance-142\"><span class=\"wpcf7-form-control wpcf7-acceptance\"><span class=\"wpcf7-list-item\"><input type=\"checkbox\" name=\"acceptance-142\" value=\"1\" aria-invalid=\"false\" \/><\/span><\/span><\/span> Acepto la <a href=\"https:\/\/gorritimartinez.com\/es\/politica-de-privacidad\" target=\"_blank\">Pol\u00edtica de privacidad<\/a>\n  <\/div>\n<div class=\"boton\">\n  <input type=\"submit\" value=\"Enviar\" class=\"wpcf7-form-control has-spinner wpcf7-submit\" \/>\n  <\/div>\n<\/div>\n<div class=\"wpcf7-response-output\" aria-hidden=\"true\"><\/div><\/form><\/div>\t\t<\/div>\n\t\t\t\t<\/div>\n\t\t\t\t\t<\/div>\n\t\t<\/div>\n\t\t\t\t<div class=\"elementor-column elementor-col-33 elementor-top-column elementor-element elementor-element-43c76384\" data-id=\"43c76384\" data-element_type=\"column\" data-settings=\"{&quot;background_background&quot;:&quot;classic&quot;}\">\n\t\t\t<div class=\"elementor-widget-wrap\">\n\t\t\t\t\t\t\t\t\t<\/div>\n\t\t<\/div>\n\t\t\t\t\t\t\t<\/div>\n\t\t<\/section>\n\t\t\t\t\t\t\t<\/div>\n\t\t","protected":false},"excerpt":{"rendered":"<p>MIRADORES As\u00f3mate a tu nuevo mirador La instalaci\u00f3n de un mirador es una labor que requiere de gran profesionalidad, conocimientos de dise\u00f1o y control de los materiales. En Gorriti Mart\u00ednez te asesoramos en la elecci\u00f3n de tu mirador para que elijas la opci\u00f3n que se ajuste mejor a la caracter\u00edsticas de tu vivienda y de [&hellip;]<\/p>\n","protected":false},"author":1,"featured_media":0,"parent":0,"menu_order":3,"comment_status":"closed","ping_status":"closed","template":"","meta":[],"yoast_head":"<!-- This site is optimized with the Yoast SEO plugin v20.5 - https:\/\/yoast.com\/wordpress\/plugins\/seo\/ -->\n<title>Miradores de dise\u00f1o cl\u00e1sico o actual de PVC | Gorriti Mart\u00ednez<\/title>\n<meta name=\"description\" content=\"Te asesoramos en la elecci\u00f3n de tu mirador para que elijas la opci\u00f3n que se ajuste a las caracter\u00edsticas de tu vivienda y de tu edificio y a tu presupuesto.\" \/>\n<meta name=\"robots\" content=\"index, follow, max-snippet:-1, max-image-preview:large, max-video-preview:-1\" \/>\n<link rel=\"canonical\" href=\"https:\/\/gorritimartinez.com\/es\/miradores\/\" \/>\n<meta property=\"og:locale\" content=\"es_ES\" \/>\n<meta property=\"og:type\" content=\"article\" \/>\n<meta property=\"og:title\" content=\"Miradores de dise\u00f1o cl\u00e1sico o actual de PVC | Gorriti Mart\u00ednez\" \/>\n<meta property=\"og:description\" content=\"Te asesoramos en la elecci\u00f3n de tu mirador para que elijas la opci\u00f3n que se ajuste a las caracter\u00edsticas de tu vivienda y de tu edificio y a tu presupuesto.\" \/>\n<meta property=\"og:url\" content=\"https:\/\/gorritimartinez.com\/es\/miradores\/\" \/>\n<meta property=\"og:site_name\" content=\"Gorriti Martinez\" \/>\n<meta property=\"article:publisher\" content=\"https:\/\/www.facebook.com\/GorritiMartinez\/?locale=es_ES\" \/>\n<meta property=\"article:modified_time\" content=\"2023-05-02T10:44:12+00:00\" \/>\n<meta property=\"og:image\" content=\"https:\/\/gorritimartinez.com\/wp-content\/uploads\/2023\/05\/foto-miradores-gorriti.png\" \/>\n<meta name=\"twitter:card\" content=\"summary_large_image\" \/>\n<meta name=\"twitter:site\" content=\"@gorritimartinez\" \/>\n<meta name=\"twitter:label1\" content=\"Tiempo de lectura\" \/>\n\t<meta name=\"twitter:data1\" content=\"2 minutos\" \/>\n<script type=\"application\/ld+json\" class=\"yoast-schema-graph\">{\"@context\":\"https:\/\/schema.org\",\"@graph\":[{\"@type\":\"WebPage\",\"@id\":\"https:\/\/gorritimartinez.com\/es\/miradores\/\",\"url\":\"https:\/\/gorritimartinez.com\/es\/miradores\/\",\"name\":\"Miradores de dise\u00f1o cl\u00e1sico o actual de PVC | Gorriti Mart\u00ednez\",\"isPartOf\":{\"@id\":\"https:\/\/gorritimartinez.com\/es\/#website\"},\"datePublished\":\"2022-06-01T10:53:28+00:00\",\"dateModified\":\"2023-05-02T10:44:12+00:00\",\"description\":\"Te asesoramos en la elecci\u00f3n de tu mirador para que elijas la opci\u00f3n que se ajuste a las caracter\u00edsticas de tu vivienda y de tu edificio y a tu presupuesto.\",\"breadcrumb\":{\"@id\":\"https:\/\/gorritimartinez.com\/es\/miradores\/#breadcrumb\"},\"inLanguage\":\"es\",\"potentialAction\":[{\"@type\":\"ReadAction\",\"target\":[\"https:\/\/gorritimartinez.com\/es\/miradores\/\"]}]},{\"@type\":\"BreadcrumbList\",\"@id\":\"https:\/\/gorritimartinez.com\/es\/miradores\/#breadcrumb\",\"itemListElement\":[{\"@type\":\"ListItem\",\"position\":1,\"name\":\"Portada\",\"item\":\"https:\/\/gorritimartinez.com\/es\/\"},{\"@type\":\"ListItem\",\"position\":2,\"name\":\"Miradores\"}]},{\"@type\":\"WebSite\",\"@id\":\"https:\/\/gorritimartinez.com\/es\/#website\",\"url\":\"https:\/\/gorritimartinez.com\/es\/\",\"name\":\"Gorriti Martinez\",\"description\":\"Gorriti Martinex ventanas\",\"publisher\":{\"@id\":\"https:\/\/gorritimartinez.com\/es\/#organization\"},\"potentialAction\":[{\"@type\":\"SearchAction\",\"target\":{\"@type\":\"EntryPoint\",\"urlTemplate\":\"https:\/\/gorritimartinez.com\/es\/?s={search_term_string}\"},\"query-input\":\"required name=search_term_string\"}],\"inLanguage\":\"es\"},{\"@type\":\"Organization\",\"@id\":\"https:\/\/gorritimartinez.com\/es\/#organization\",\"name\":\"Gorriti Martinez\",\"url\":\"https:\/\/gorritimartinez.com\/es\/\",\"logo\":{\"@type\":\"ImageObject\",\"inLanguage\":\"es\",\"@id\":\"https:\/\/gorritimartinez.com\/es\/#\/schema\/logo\/image\/\",\"url\":\"https:\/\/gorritimartinez.com\/wp-content\/uploads\/2022\/06\/logo-gorriti-martinez-2.svg\",\"contentUrl\":\"https:\/\/gorritimartinez.com\/wp-content\/uploads\/2022\/06\/logo-gorriti-martinez-2.svg\",\"width\":340,\"height\":40,\"caption\":\"Gorriti Martinez\"},\"image\":{\"@id\":\"https:\/\/gorritimartinez.com\/es\/#\/schema\/logo\/image\/\"},\"sameAs\":[\"https:\/\/www.facebook.com\/GorritiMartinez\/?locale=es_ES\",\"https:\/\/twitter.com\/gorritimartinez\"]}]}<\/script>\n<!-- \/ Yoast SEO plugin. -->","yoast_head_json":{"title":"Miradores de dise\u00f1o cl\u00e1sico o actual de PVC | Gorriti Mart\u00ednez","description":"Te asesoramos en la elecci\u00f3n de tu mirador para que elijas la opci\u00f3n que se ajuste a las caracter\u00edsticas de tu vivienda y de tu edificio y a tu presupuesto.","robots":{"index":"index","follow":"follow","max-snippet":"max-snippet:-1","max-image-preview":"max-image-preview:large","max-video-preview":"max-video-preview:-1"},"canonical":"https:\/\/gorritimartinez.com\/es\/miradores\/","og_locale":"es_ES","og_type":"article","og_title":"Miradores de dise\u00f1o cl\u00e1sico o actual de PVC | Gorriti Mart\u00ednez","og_description":"Te asesoramos en la elecci\u00f3n de tu mirador para que elijas la opci\u00f3n que se ajuste a las caracter\u00edsticas de tu vivienda y de tu edificio y a tu presupuesto.","og_url":"https:\/\/gorritimartinez.com\/es\/miradores\/","og_site_name":"Gorriti Martinez","article_publisher":"https:\/\/www.facebook.com\/GorritiMartinez\/?locale=es_ES","article_modified_time":"2023-05-02T10:44:12+00:00","og_image":[{"url":"https:\/\/gorritimartinez.com\/wp-content\/uploads\/2023\/05\/foto-miradores-gorriti.png"}],"twitter_card":"summary_large_image","twitter_site":"@gorritimartinez","twitter_misc":{"Tiempo de lectura":"2 minutos"},"schema":{"@context":"https:\/\/schema.org","@graph":[{"@type":"WebPage","@id":"https:\/\/gorritimartinez.com\/es\/miradores\/","url":"https:\/\/gorritimartinez.com\/es\/miradores\/","name":"Miradores de dise\u00f1o cl\u00e1sico o actual de PVC | Gorriti Mart\u00ednez","isPartOf":{"@id":"https:\/\/gorritimartinez.com\/es\/#website"},"datePublished":"2022-06-01T10:53:28+00:00","dateModified":"2023-05-02T10:44:12+00:00","description":"Te asesoramos en la elecci\u00f3n de tu mirador para que elijas la opci\u00f3n que se ajuste a las caracter\u00edsticas de tu vivienda y de tu edificio y a tu presupuesto.","breadcrumb":{"@id":"https:\/\/gorritimartinez.com\/es\/miradores\/#breadcrumb"},"inLanguage":"es","potentialAction":[{"@type":"ReadAction","target":["https:\/\/gorritimartinez.com\/es\/miradores\/"]}]},{"@type":"BreadcrumbList","@id":"https:\/\/gorritimartinez.com\/es\/miradores\/#breadcrumb","itemListElement":[{"@type":"ListItem","position":1,"name":"Portada","item":"https:\/\/gorritimartinez.com\/es\/"},{"@type":"ListItem","position":2,"name":"Miradores"}]},{"@type":"WebSite","@id":"https:\/\/gorritimartinez.com\/es\/#website","url":"https:\/\/gorritimartinez.com\/es\/","name":"Gorriti Martinez","description":"Gorriti Martinex ventanas","publisher":{"@id":"https:\/\/gorritimartinez.com\/es\/#organization"},"potentialAction":[{"@type":"SearchAction","target":{"@type":"EntryPoint","urlTemplate":"https:\/\/gorritimartinez.com\/es\/?s={search_term_string}"},"query-input":"required name=search_term_string"}],"inLanguage":"es"},{"@type":"Organization","@id":"https:\/\/gorritimartinez.com\/es\/#organization","name":"Gorriti Martinez","url":"https:\/\/gorritimartinez.com\/es\/","logo":{"@type":"ImageObject","inLanguage":"es","@id":"https:\/\/gorritimartinez.com\/es\/#\/schema\/logo\/image\/","url":"https:\/\/gorritimartinez.com\/wp-content\/uploads\/2022\/06\/logo-gorriti-martinez-2.svg","contentUrl":"https:\/\/gorritimartinez.com\/wp-content\/uploads\/2022\/06\/logo-gorriti-martinez-2.svg","width":340,"height":40,"caption":"Gorriti Martinez"},"image":{"@id":"https:\/\/gorritimartinez.com\/es\/#\/schema\/logo\/image\/"},"sameAs":["https:\/\/www.facebook.com\/GorritiMartinez\/?locale=es_ES","https:\/\/twitter.com\/gorritimartinez"]}]}},"_links":{"self":[{"href":"https:\/\/gorritimartinez.com\/es\/wp-json\/wp\/v2\/pages\/61"}],"collection":[{"href":"https:\/\/gorritimartinez.com\/es\/wp-json\/wp\/v2\/pages"}],"about":[{"href":"https:\/\/gorritimartinez.com\/es\/wp-json\/wp\/v2\/types\/page"}],"author":[{"embeddable":true,"href":"https:\/\/gorritimartinez.com\/es\/wp-json\/wp\/v2\/users\/1"}],"replies":[{"embeddable":true,"href":"https:\/\/gorritimartinez.com\/es\/wp-json\/wp\/v2\/comments?post=61"}],"version-history":[{"count":57,"href":"https:\/\/gorritimartinez.com\/es\/wp-json\/wp\/v2\/pages\/61\/revisions"}],"predecessor-version":[{"id":2956,"href":"https:\/\/gorritimartinez.com\/es\/wp-json\/wp\/v2\/pages\/61\/revisions\/2956"}],"wp:attachment":[{"href":"https:\/\/gorritimartinez.com\/es\/wp-json\/wp\/v2\/media?parent=61"}],"curies":[{"name":"wp","href":"https:\/\/api.w.org\/{rel}","templated":true}]}}